{"id":1557,"date":"2024-12-05T13:20:24","date_gmt":"2024-12-05T12:20:24","guid":{"rendered":"https:\/\/jaczkovics.hu\/dr-tomordi-boglarka\/"},"modified":"2024-12-05T14:05:34","modified_gmt":"2024-12-05T13:05:34","slug":"dr-tomordi-boglarka","status":"publish","type":"page","link":"https:\/\/jaczkovics.hu\/en\/dr-tomordi-boglarka\/","title":{"rendered":"dr. T\u00f6m\u00f6rdi Bogl\u00e1rka"},"content":{"rendered":"<p>[et_pb_section fb_built=&#8221;1&#8243; _builder_version=&#8221;4.24.0&#8243; _module_preset=&#8221;default&#8221; global_colors_info=&#8221;{}&#8221;][et_pb_row column_structure=&#8221;1_3,2_3&#8243; _builder_version=&#8221;4.24.0&#8243; _module_preset=&#8221;default&#8221; width=&#8221;85%&#8221; max_width=&#8221;2560px&#8221; global_colors_info=&#8221;{}&#8221;][et_pb_column type=&#8221;1_3&#8243; _builder_version=&#8221;4.24.0&#8243; _module_preset=&#8221;default&#8221; global_colors_info=&#8221;{}&#8221;][et_pb_image src=&#8221;https:\/\/jaczkovics.hu\/wp-content\/uploads\/2024\/12\/Tomordi-Boglarka-ugyved.jpg&#8221; alt=&#8221;dr. T\u00f6m\u00f6rdi Bogl\u00e1rka&#8221; title_text=&#8221;dr. T\u00f6m\u00f6rdi Bogl\u00e1rka&#8221; _builder_version=&#8221;4.27.3&#8243; _module_preset=&#8221;default&#8221; overflow-x=&#8221;hidden&#8221; overflow-y=&#8221;hidden&#8221; animation_style=&#8221;fade&#8221; sticky_limit_top=&#8221;section&#8221; sticky_limit_bottom=&#8221;section&#8221; motion_trigger_start=&#8221;top&#8221; global_colors_info=&#8221;{}&#8221; filter_saturate__hover_enabled=&#8221;on|hover&#8221; filter_saturate__hover=&#8221;100%&#8221;][\/et_pb_image][\/et_pb_column][et_pb_column type=&#8221;2_3&#8243; _builder_version=&#8221;4.24.0&#8243; _module_preset=&#8221;default&#8221; global_colors_info=&#8221;{}&#8221;][et_pb_text _builder_version=&#8221;4.27.3&#8243; _module_preset=&#8221;default&#8221; text_font_size=&#8221;20px&#8221; header_text_color=&#8221;#ae0c21&#8243; header_font_size=&#8221;36px&#8221; custom_margin=&#8221;-1.4vh||||false|false&#8221; animation_style=&#8221;fade&#8221; global_colors_info=&#8221;{}&#8221;]<\/p>\n<h1><strong>dr. T\u00d6M\u00d6RDI Bogl\u00e1rka<\/strong><\/h1>\n<p><strong>attorney-at-law<\/strong><\/p>\n<p>[\/et_pb_text][et_pb_text _builder_version=&#8221;4.27.3&#8243; _module_preset=&#8221;default&#8221; text_orientation=&#8221;justified&#8221; custom_padding=&#8221;||||false|false&#8221; global_colors_info=&#8221;{}&#8221;]<\/p>\n<p>She specialises in press, media and employment law and has extensive experience in education law and litigation.<\/p>\n<p>Her knowledge of press and media law covers issues concerning media content provision, media service providers, press product creators, publishers, their specific operational frameworks, the settlement of special contractual relationships between them, copyright protection issues concerning authors and other related rights holders. She is also experienced in particular in the protection of personality rights and press-correction cases related to certain infringing content, and in the related litigation.<\/p>\n<p>Her professional experience includes both general and specialised employment and other employment relationships, legal advice, drafting of documents, labour dispute resolution and legal representation in labour disputes.<\/p>\n<p>In the field of education, she has expertise in the complex operation of public education institutions, vocational training and higher education, as well as in the legal representation of teachers and students in all matters concerning their legal relations and in related litigation.<\/p>\n<p>She graduated from E\u00f6tv\u00f6s Lor\u00e1nd University in 2015 with a law degree.<\/p>\n<p>[\/et_pb_text][et_pb_text _builder_version=&#8221;4.27.3&#8243; _module_preset=&#8221;default&#8221; text_text_color=&#8221;#ae0c21&#8243; text_font_size=&#8221;30px&#8221; text_line_height=&#8221;1.3em&#8221; custom_margin=&#8221;||10px||false|false&#8221; global_colors_info=&#8221;{}&#8221;]<\/p>\n<p><strong>Fields of law:\u00a0<\/strong><\/p>\n<p>[\/et_pb_text][et_pb_text _builder_version=&#8221;4.27.3&#8243; _module_preset=&#8221;default&#8221; link_text_color=&#8221;#0a0a0a&#8221; custom_padding=&#8221;||||false|false&#8221; locked=&#8221;off&#8221; global_colors_info=&#8221;{}&#8221;]<\/p>\n<p><span style=\"color: #af0d21;\">\u25fc<\/span> <a href=\"https:\/\/jaczkovics.hu\/en\/press-and-media\/\">Press and media law<\/a><br \/><span style=\"color: #af0d21;\">\u25fc<\/span> <a href=\"https:\/\/jaczkovics.hu\/en\/labor-law\/\">Labor Law<\/a><\/p>\n<p>[\/et_pb_text][et_pb_blurb title=&#8221;+36 (1) 374 9020 &#8221; use_icon=&#8221;on&#8221; font_icon=&#8221;&#xe090;||divi||400&#8243; icon_color=&#8221;#ae0c21&#8243; icon_placement=&#8221;left&#8221; image_icon_width=&#8221;28px&#8221; content_max_width=&#8221;1100px&#8221; _builder_version=&#8221;4.24.0&#8243; _module_preset=&#8221;default&#8221; header_font_size=&#8221;14px&#8221; body_font=&#8221;Montserrat||||||||&#8221; custom_margin=&#8221;||10px||false|false&#8221; border_radii_image=&#8221;on|30px|30px|30px|30px&#8221; global_colors_info=&#8221;{}&#8221;][\/et_pb_blurb][et_pb_blurb title=&#8221;uh.scivokzcaj@akralgob.idromot&#8221; use_icon=&#8221;on&#8221; font_icon=&#8221;&#xf0e0;||fa||900&#8243; icon_color=&#8221;#ae0c21&#8243; icon_placement=&#8221;left&#8221; image_icon_width=&#8221;28px&#8221; content_max_width=&#8221;1100px&#8221; _builder_version=&#8221;4.27.3&#8243; _module_preset=&#8221;default&#8221; header_font_size=&#8221;14px&#8221; body_font=&#8221;Montserrat||||||||&#8221; custom_margin=&#8221;||10px||false|false&#8221; link_option_url=&#8221;mailto:tomordi.boglarka%40jaczkovics.hu&#8221; hover_enabled=&#8221;0&#8243; custom_css_blurb_title=&#8221;unicode-bidi:bidi-override;||direction:rtl;||&#8221; global_colors_info=&#8221;{}&#8221; sticky_enabled=&#8221;0&#8243;][\/et_pb_blurb][et_pb_blurb title=&#8221;LinkedIn&#8221; use_icon=&#8221;on&#8221; font_icon=&#8221;&#xe0cb;||divi||400&#8243; icon_color=&#8221;#ae0c21&#8243; icon_placement=&#8221;left&#8221; image_icon_width=&#8221;28px&#8221; content_max_width=&#8221;1100px&#8221; _builder_version=&#8221;4.27.3&#8243; _module_preset=&#8221;default&#8221; header_font_size=&#8221;14px&#8221; body_font=&#8221;Montserrat||||||||&#8221; custom_margin=&#8221;||10px||false|false&#8221; link_option_url=&#8221;https:\/\/www.linkedin.com\/in\/bogl\u00e1rka-dr-t\u00f6m\u00f6rdi-40bb782a3\/&#8221; link_option_url_new_window=&#8221;on&#8221; custom_css_blurb_title=&#8221;margin-top: 4px;&#8221; global_colors_info=&#8221;{}&#8221;][\/et_pb_blurb][\/et_pb_column][\/et_pb_row][\/et_pb_section]<\/p>\n","protected":false},"excerpt":{"rendered":"<p>dr. T\u00d6M\u00d6RDI Bogl\u00e1rka attorney-at-lawShe specialises in press, media and employment law and has extensive experience in education law and litigation. Her knowledge of press and media law covers issues concerning media content provision, media service providers, press product creators, publishers, their specific operational frameworks, the settlement of special contractual relationships between them, copyright protection issues [&hellip;]<\/p>\n","protected":false},"author":2,"featured_media":0,"parent":0,"menu_order":0,"comment_status":"closed","ping_status":"closed","template":"","meta":{"_et_pb_use_builder":"on","_et_pb_old_content":"","_et_gb_content_width":"","footnotes":""},"class_list":["post-1557","page","type-page","status-publish","hentry"],"yoast_head":"<!-- This site is optimized with the Yoast SEO Premium plugin v26.2 (Yoast SEO v26.8) - https:\/\/yoast.com\/product\/yoast-seo-premium-wordpress\/ -->\n<title>dr. T\u00f6m\u00f6rdi Bogl\u00e1rka - Jaczkovics \u00dcgyv\u00e9di Iroda<\/title>\n<meta name=\"robots\" content=\"index, follow, max-snippet:-1, max-image-preview:large, max-video-preview:-1\" \/>\n<link rel=\"canonical\" href=\"https:\/\/jaczkovics.hu\/en\/dr-tomordi-boglarka\/\" \/>\n<meta property=\"og:locale\" content=\"en_US\" \/>\n<meta property=\"og:type\" content=\"article\" \/>\n<meta property=\"og:title\" content=\"dr. T\u00f6m\u00f6rdi Bogl\u00e1rka\" \/>\n<meta property=\"og:description\" content=\"dr. T\u00d6M\u00d6RDI Bogl\u00e1rka attorney-at-lawShe specialises in press, media and employment law and has extensive experience in education law and litigation. Her knowledge of press and media law covers issues concerning media content provision, media service providers, press product creators, publishers, their specific operational frameworks, the settlement of special contractual relationships between them, copyright protection issues [&hellip;]\" \/>\n<meta property=\"og:url\" content=\"https:\/\/jaczkovics.hu\/en\/dr-tomordi-boglarka\/\" \/>\n<meta property=\"og:site_name\" content=\"Jaczkovics \u00dcgyv\u00e9di Iroda\" \/>\n<meta property=\"article:modified_time\" content=\"2024-12-05T13:05:34+00:00\" \/>\n<meta property=\"og:image\" content=\"https:\/\/jaczkovics.hu\/wp-content\/uploads\/2024\/03\/Jaczkovics-Ugyvedi-Iroda-og.jpg\" \/>\n\t<meta property=\"og:image:width\" content=\"1125\" \/>\n\t<meta property=\"og:image:height\" content=\"633\" \/>\n\t<meta property=\"og:image:type\" content=\"image\/jpeg\" \/>\n<meta name=\"twitter:card\" content=\"summary_large_image\" \/>\n<meta name=\"twitter:label1\" content=\"Est. reading time\" \/>\n\t<meta name=\"twitter:data1\" content=\"2 minutes\" \/>\n<script type=\"application\/ld+json\" class=\"yoast-schema-graph\">{\"@context\":\"https:\/\/schema.org\",\"@graph\":[{\"@type\":\"WebPage\",\"@id\":\"https:\/\/jaczkovics.hu\/en\/dr-tomordi-boglarka\/\",\"url\":\"https:\/\/jaczkovics.hu\/en\/dr-tomordi-boglarka\/\",\"name\":\"dr. T\u00f6m\u00f6rdi Bogl\u00e1rka - Jaczkovics \u00dcgyv\u00e9di Iroda\",\"isPartOf\":{\"@id\":\"https:\/\/jaczkovics.hu\/#website\"},\"datePublished\":\"2024-12-05T12:20:24+00:00\",\"dateModified\":\"2024-12-05T13:05:34+00:00\",\"breadcrumb\":{\"@id\":\"https:\/\/jaczkovics.hu\/en\/dr-tomordi-boglarka\/#breadcrumb\"},\"inLanguage\":\"en-US\",\"potentialAction\":[{\"@type\":\"ReadAction\",\"target\":[\"https:\/\/jaczkovics.hu\/en\/dr-tomordi-boglarka\/\"]}]},{\"@type\":\"BreadcrumbList\",\"@id\":\"https:\/\/jaczkovics.hu\/en\/dr-tomordi-boglarka\/#breadcrumb\",\"itemListElement\":[{\"@type\":\"ListItem\",\"position\":1,\"name\":\"Kezd\u0151lap\",\"item\":\"https:\/\/jaczkovics.hu\/en\/home\/\"},{\"@type\":\"ListItem\",\"position\":2,\"name\":\"dr. T\u00f6m\u00f6rdi Bogl\u00e1rka\"}]},{\"@type\":\"WebSite\",\"@id\":\"https:\/\/jaczkovics.hu\/#website\",\"url\":\"https:\/\/jaczkovics.hu\/\",\"name\":\"Jaczkovics \u00dcgyv\u00e9di Iroda\",\"description\":\"\",\"potentialAction\":[{\"@type\":\"SearchAction\",\"target\":{\"@type\":\"EntryPoint\",\"urlTemplate\":\"https:\/\/jaczkovics.hu\/?s={search_term_string}\"},\"query-input\":{\"@type\":\"PropertyValueSpecification\",\"valueRequired\":true,\"valueName\":\"search_term_string\"}}],\"inLanguage\":\"en-US\"}]}<\/script>\n<!-- \/ Yoast SEO Premium plugin. -->","yoast_head_json":{"title":"dr. T\u00f6m\u00f6rdi Bogl\u00e1rka - Jaczkovics \u00dcgyv\u00e9di Iroda","robots":{"index":"index","follow":"follow","max-snippet":"max-snippet:-1","max-image-preview":"max-image-preview:large","max-video-preview":"max-video-preview:-1"},"canonical":"https:\/\/jaczkovics.hu\/en\/dr-tomordi-boglarka\/","og_locale":"en_US","og_type":"article","og_title":"dr. T\u00f6m\u00f6rdi Bogl\u00e1rka","og_description":"dr. T\u00d6M\u00d6RDI Bogl\u00e1rka attorney-at-lawShe specialises in press, media and employment law and has extensive experience in education law and litigation. Her knowledge of press and media law covers issues concerning media content provision, media service providers, press product creators, publishers, their specific operational frameworks, the settlement of special contractual relationships between them, copyright protection issues [&hellip;]","og_url":"https:\/\/jaczkovics.hu\/en\/dr-tomordi-boglarka\/","og_site_name":"Jaczkovics \u00dcgyv\u00e9di Iroda","article_modified_time":"2024-12-05T13:05:34+00:00","og_image":[{"width":1125,"height":633,"url":"https:\/\/jaczkovics.hu\/wp-content\/uploads\/2024\/03\/Jaczkovics-Ugyvedi-Iroda-og.jpg","type":"image\/jpeg"}],"twitter_card":"summary_large_image","twitter_misc":{"Est. reading time":"2 minutes"},"schema":{"@context":"https:\/\/schema.org","@graph":[{"@type":"WebPage","@id":"https:\/\/jaczkovics.hu\/en\/dr-tomordi-boglarka\/","url":"https:\/\/jaczkovics.hu\/en\/dr-tomordi-boglarka\/","name":"dr. T\u00f6m\u00f6rdi Bogl\u00e1rka - Jaczkovics \u00dcgyv\u00e9di Iroda","isPartOf":{"@id":"https:\/\/jaczkovics.hu\/#website"},"datePublished":"2024-12-05T12:20:24+00:00","dateModified":"2024-12-05T13:05:34+00:00","breadcrumb":{"@id":"https:\/\/jaczkovics.hu\/en\/dr-tomordi-boglarka\/#breadcrumb"},"inLanguage":"en-US","potentialAction":[{"@type":"ReadAction","target":["https:\/\/jaczkovics.hu\/en\/dr-tomordi-boglarka\/"]}]},{"@type":"BreadcrumbList","@id":"https:\/\/jaczkovics.hu\/en\/dr-tomordi-boglarka\/#breadcrumb","itemListElement":[{"@type":"ListItem","position":1,"name":"Kezd\u0151lap","item":"https:\/\/jaczkovics.hu\/en\/home\/"},{"@type":"ListItem","position":2,"name":"dr. T\u00f6m\u00f6rdi Bogl\u00e1rka"}]},{"@type":"WebSite","@id":"https:\/\/jaczkovics.hu\/#website","url":"https:\/\/jaczkovics.hu\/","name":"Jaczkovics \u00dcgyv\u00e9di Iroda","description":"","potentialAction":[{"@type":"SearchAction","target":{"@type":"EntryPoint","urlTemplate":"https:\/\/jaczkovics.hu\/?s={search_term_string}"},"query-input":{"@type":"PropertyValueSpecification","valueRequired":true,"valueName":"search_term_string"}}],"inLanguage":"en-US"}]}},"_links":{"self":[{"href":"https:\/\/jaczkovics.hu\/en\/wp-json\/wp\/v2\/pages\/1557","targetHints":{"allow":["GET"]}}],"collection":[{"href":"https:\/\/jaczkovics.hu\/en\/wp-json\/wp\/v2\/pages"}],"about":[{"href":"https:\/\/jaczkovics.hu\/en\/wp-json\/wp\/v2\/types\/page"}],"author":[{"embeddable":true,"href":"https:\/\/jaczkovics.hu\/en\/wp-json\/wp\/v2\/users\/2"}],"replies":[{"embeddable":true,"href":"https:\/\/jaczkovics.hu\/en\/wp-json\/wp\/v2\/comments?post=1557"}],"version-history":[{"count":5,"href":"https:\/\/jaczkovics.hu\/en\/wp-json\/wp\/v2\/pages\/1557\/revisions"}],"predecessor-version":[{"id":1595,"href":"https:\/\/jaczkovics.hu\/en\/wp-json\/wp\/v2\/pages\/1557\/revisions\/1595"}],"wp:attachment":[{"href":"https:\/\/jaczkovics.hu\/en\/wp-json\/wp\/v2\/media?parent=1557"}],"curies":[{"name":"wp","href":"https:\/\/api.w.org\/{rel}","templated":true}]}}