{"id":1337,"date":"2024-02-23T11:30:09","date_gmt":"2024-02-23T10:30:09","guid":{"rendered":"https:\/\/jaczkovics.hu\/dr-ori-tomo-andrea\/"},"modified":"2024-07-23T07:42:18","modified_gmt":"2024-07-23T05:42:18","slug":"dr-ori-tomo-andrea","status":"publish","type":"page","link":"https:\/\/jaczkovics.hu\/en\/dr-ori-tomo-andrea\/","title":{"rendered":"dr. \u0150ri-T\u00f6m\u0151 Andrea"},"content":{"rendered":"<p>[et_pb_section fb_built=&#8221;1&#8243; _builder_version=&#8221;4.24.0&#8243; _module_preset=&#8221;default&#8221; global_colors_info=&#8221;{}&#8221;][et_pb_row column_structure=&#8221;1_3,2_3&#8243; _builder_version=&#8221;4.24.0&#8243; _module_preset=&#8221;default&#8221; width=&#8221;85%&#8221; max_width=&#8221;2560px&#8221; global_colors_info=&#8221;{}&#8221;][et_pb_column type=&#8221;1_3&#8243; _builder_version=&#8221;4.24.0&#8243; _module_preset=&#8221;default&#8221; global_colors_info=&#8221;{}&#8221;][et_pb_image src=&#8221;https:\/\/jaczkovics.hu\/wp-content\/uploads\/2024\/02\/Ori-Tomo-Andrea.jpg&#8221; alt=&#8221;dr. \u0150ri-T\u00f6m\u0151 Andrea&#8221; title_text=&#8221;dr. \u0150ri-T\u00f6m\u0151 Andrea&#8221; _builder_version=&#8221;4.24.0&#8243; _module_preset=&#8221;default&#8221; animation_style=&#8221;fade&#8221; sticky_limit_bottom=&#8221;row&#8221; global_colors_info=&#8221;{}&#8221; filter_saturate__hover_enabled=&#8221;on|hover&#8221; filter_saturate__hover=&#8221;100%&#8221;][\/et_pb_image][\/et_pb_column][et_pb_column type=&#8221;2_3&#8243; _builder_version=&#8221;4.24.0&#8243; _module_preset=&#8221;default&#8221; global_colors_info=&#8221;{}&#8221;][et_pb_text _builder_version=&#8221;4.25.1&#8243; _module_preset=&#8221;default&#8221; text_font_size=&#8221;20px&#8221; header_text_color=&#8221;#ae0c21&#8243; header_font_size=&#8221;36px&#8221; custom_margin=&#8221;-1.4vh||||false|false&#8221; animation_style=&#8221;fade&#8221; hover_enabled=&#8221;0&#8243; global_colors_info=&#8221;{}&#8221; sticky_enabled=&#8221;0&#8243;]<\/p>\n<h1><strong>dr. \u0150RI-T\u00d6M\u0150 Andrea <\/strong><\/h1>\n<p><strong>attorney-at-law<\/strong><\/p>\n<p>[\/et_pb_text][et_pb_text _builder_version=&#8221;4.25.1&#8243; _module_preset=&#8221;default&#8221; text_orientation=&#8221;justified&#8221; custom_padding=&#8221;||||false|false&#8221; hover_enabled=&#8221;0&#8243; global_colors_info=&#8221;{}&#8221; sticky_enabled=&#8221;0&#8243;]<\/p>\n<p>She specializes in real estate law. In addition to market transactions, she has particular expertise in the management of real estate assets forming part of the national wealth. That covers the conduct of tendering procedures for the sale and utilization of assets, asset management contracts and land development projects.<\/p>\n<p>Her services include drafting of design and construction contracts related to certain construction projects, ownership transfers and lease transactions, and in complex land development procedures.<\/p>\n<p>She offers practical expertise in labor disputes in relation to both general and specific employment relations.<\/p>\n<p>As a public procurement officer, she supports the drafting of contracts in public procurement procedures, as well as the ex-post review and in-process quality assurance of such procedures.<\/p>\n<p>She graduated in law from E\u00f6tv\u00f6s Lor\u00e1nd University in 2006, she has been with the office since then.<\/p>\n<p>[\/et_pb_text][et_pb_text _builder_version=&#8221;4.25.1&#8243; _module_preset=&#8221;default&#8221; text_text_color=&#8221;#ae0c21&#8243; text_font_size=&#8221;30px&#8221; text_line_height=&#8221;1.3em&#8221; custom_margin=&#8221;||10px||false|false&#8221; hover_enabled=&#8221;0&#8243; global_colors_info=&#8221;{}&#8221; sticky_enabled=&#8221;0&#8243;]<\/p>\n<p><strong>Fields of law:\u00a0<\/strong><\/p>\n<p>[\/et_pb_text][et_pb_text _builder_version=&#8221;4.25.1&#8243; _module_preset=&#8221;default&#8221; link_text_color=&#8221;#0a0a0a&#8221; custom_padding=&#8221;||||false|false&#8221; hover_enabled=&#8221;0&#8243; global_colors_info=&#8221;{}&#8221; sticky_enabled=&#8221;0&#8243;]<\/p>\n<p><span style=\"color: #af0d21;\">\u25fc <\/span><a href=\"https:\/\/jaczkovics.hu\/en\/real-estates-and-property-management\/\">Real estates and property management<\/a><br \/><span style=\"color: #af0d21;\">\u25fc <\/span><a href=\"https:\/\/jaczkovics.hu\/en\/labor-law\/\">Labor law<\/a><\/p>\n<p>[\/et_pb_text][et_pb_blurb title=&#8221;+36 (1) 374 9020 &#8221; use_icon=&#8221;on&#8221; font_icon=&#8221;&#xe090;||divi||400&#8243; icon_color=&#8221;#ae0c21&#8243; icon_placement=&#8221;left&#8221; image_icon_width=&#8221;28px&#8221; content_max_width=&#8221;1100px&#8221; _builder_version=&#8221;4.24.0&#8243; _module_preset=&#8221;default&#8221; header_font_size=&#8221;14px&#8221; body_font=&#8221;Montserrat||||||||&#8221; custom_margin=&#8221;||10px||false|false&#8221; border_radii_image=&#8221;on|30px|30px|30px|30px&#8221; global_colors_info=&#8221;{}&#8221;][\/et_pb_blurb][et_pb_blurb title=&#8221;uh.scivokzcaj@aerdna.omot-iro&#8221; use_icon=&#8221;on&#8221; font_icon=&#8221;&#xf0e0;||fa||900&#8243; icon_color=&#8221;#ae0c21&#8243; icon_placement=&#8221;left&#8221; image_icon_width=&#8221;28px&#8221; content_max_width=&#8221;1100px&#8221; _builder_version=&#8221;4.24.0&#8243; _module_preset=&#8221;default&#8221; header_font_size=&#8221;14px&#8221; body_font=&#8221;Montserrat||||||||&#8221; custom_margin=&#8221;||10px||false|false&#8221; link_option_url=&#8221;mailto:ori-tomo.andrea%40jaczkovics.hu&#8221; custom_css_blurb_title=&#8221;unicode-bidi:bidi-override;||direction:rtl;||&#8221; global_colors_info=&#8221;{}&#8221; title__hover_enabled=&#8221;off|desktop&#8221; title__hover=&#8221;ori-tomo.andrea@jaczkovics.hu&#8221;][\/et_pb_blurb][et_pb_blurb title=&#8221;LinkedIn&#8221; use_icon=&#8221;on&#8221; font_icon=&#8221;&#xe0cb;||divi||400&#8243; icon_color=&#8221;#ae0c21&#8243; icon_placement=&#8221;left&#8221; image_icon_width=&#8221;28px&#8221; content_max_width=&#8221;1100px&#8221; _builder_version=&#8221;4.24.0&#8243; _module_preset=&#8221;default&#8221; header_font_size=&#8221;14px&#8221; body_font=&#8221;Montserrat||||||||&#8221; custom_margin=&#8221;||10px||false|false&#8221; link_option_url=&#8221;https:\/\/www.linkedin.com\/in\/andrea-\u0151ri-t\u00f6m\u0151-b38b522a3\/&#8221; link_option_url_new_window=&#8221;on&#8221; custom_css_blurb_title=&#8221;margin-top: 4px;&#8221; global_colors_info=&#8221;{}&#8221; title__hover_enabled=&#8221;off|desktop&#8221;][\/et_pb_blurb][\/et_pb_column][\/et_pb_row][\/et_pb_section]<\/p>\n","protected":false},"excerpt":{"rendered":"<p>dr. \u0150RI-T\u00d6M\u0150 Andrea attorney-at-lawShe specializes in real estate law. In addition to market transactions, she has particular expertise in the management of real estate assets forming part of the national wealth. That covers the conduct of tendering procedures for the sale and utilization of assets, asset management contracts and land development projects. Her services include [&hellip;]<\/p>\n","protected":false},"author":2,"featured_media":0,"parent":0,"menu_order":0,"comment_status":"closed","ping_status":"closed","template":"","meta":{"_et_pb_use_builder":"on","_et_pb_old_content":"","_et_gb_content_width":"","footnotes":""},"class_list":["post-1337","page","type-page","status-publish","hentry"],"yoast_head":"<!-- This site is optimized with the Yoast SEO Premium plugin v27.4 (Yoast SEO v27.4) - https:\/\/yoast.com\/product\/yoast-seo-premium-wordpress\/ -->\n<title>dr. \u0150ri-T\u00f6m\u0151 Andrea - Jaczkovics \u00dcgyv\u00e9di Iroda<\/title>\n<meta name=\"robots\" content=\"index, follow, max-snippet:-1, max-image-preview:large, max-video-preview:-1\" \/>\n<link rel=\"canonical\" href=\"https:\/\/jaczkovics.hu\/en\/dr-ori-tomo-andrea\/\" \/>\n<meta property=\"og:locale\" content=\"en_US\" \/>\n<meta property=\"og:type\" content=\"article\" \/>\n<meta property=\"og:title\" content=\"dr. \u0150ri-T\u00f6m\u0151 Andrea\" \/>\n<meta property=\"og:description\" content=\"dr. \u0150RI-T\u00d6M\u0150 Andrea attorney-at-lawShe specializes in real estate law. In addition to market transactions, she has particular expertise in the management of real estate assets forming part of the national wealth. That covers the conduct of tendering procedures for the sale and utilization of assets, asset management contracts and land development projects. Her services include [&hellip;]\" \/>\n<meta property=\"og:url\" content=\"https:\/\/jaczkovics.hu\/en\/dr-ori-tomo-andrea\/\" \/>\n<meta property=\"og:site_name\" content=\"Jaczkovics \u00dcgyv\u00e9di Iroda\" \/>\n<meta property=\"article:modified_time\" content=\"2024-07-23T05:42:18+00:00\" \/>\n<meta property=\"og:image\" content=\"https:\/\/jaczkovics.hu\/wp-content\/uploads\/2024\/03\/Jaczkovics-Ugyvedi-Iroda-og.jpg\" \/>\n\t<meta property=\"og:image:width\" content=\"1125\" \/>\n\t<meta property=\"og:image:height\" content=\"633\" \/>\n\t<meta property=\"og:image:type\" content=\"image\/jpeg\" \/>\n<meta name=\"twitter:card\" content=\"summary_large_image\" \/>\n<meta name=\"twitter:label1\" content=\"Est. reading time\" \/>\n\t<meta name=\"twitter:data1\" content=\"1 minute\" \/>\n<script type=\"application\/ld+json\" class=\"yoast-schema-graph\">{\"@context\":\"https:\\\/\\\/schema.org\",\"@graph\":[{\"@type\":\"WebPage\",\"@id\":\"https:\\\/\\\/jaczkovics.hu\\\/en\\\/dr-ori-tomo-andrea\\\/\",\"url\":\"https:\\\/\\\/jaczkovics.hu\\\/en\\\/dr-ori-tomo-andrea\\\/\",\"name\":\"dr. \u0150ri-T\u00f6m\u0151 Andrea - Jaczkovics \u00dcgyv\u00e9di Iroda\",\"isPartOf\":{\"@id\":\"https:\\\/\\\/jaczkovics.hu\\\/#website\"},\"datePublished\":\"2024-02-23T10:30:09+00:00\",\"dateModified\":\"2024-07-23T05:42:18+00:00\",\"breadcrumb\":{\"@id\":\"https:\\\/\\\/jaczkovics.hu\\\/en\\\/dr-ori-tomo-andrea\\\/#breadcrumb\"},\"inLanguage\":\"en-US\",\"potentialAction\":[{\"@type\":\"ReadAction\",\"target\":[\"https:\\\/\\\/jaczkovics.hu\\\/en\\\/dr-ori-tomo-andrea\\\/\"]}]},{\"@type\":\"BreadcrumbList\",\"@id\":\"https:\\\/\\\/jaczkovics.hu\\\/en\\\/dr-ori-tomo-andrea\\\/#breadcrumb\",\"itemListElement\":[{\"@type\":\"ListItem\",\"position\":1,\"name\":\"Kezd\u0151lap\",\"item\":\"https:\\\/\\\/jaczkovics.hu\\\/en\\\/home\\\/\"},{\"@type\":\"ListItem\",\"position\":2,\"name\":\"dr. \u0150ri-T\u00f6m\u0151 Andrea\"}]},{\"@type\":\"WebSite\",\"@id\":\"https:\\\/\\\/jaczkovics.hu\\\/#website\",\"url\":\"https:\\\/\\\/jaczkovics.hu\\\/\",\"name\":\"Jaczkovics \u00dcgyv\u00e9di Iroda\",\"description\":\"\",\"potentialAction\":[{\"@type\":\"SearchAction\",\"target\":{\"@type\":\"EntryPoint\",\"urlTemplate\":\"https:\\\/\\\/jaczkovics.hu\\\/?s={search_term_string}\"},\"query-input\":{\"@type\":\"PropertyValueSpecification\",\"valueRequired\":true,\"valueName\":\"search_term_string\"}}],\"inLanguage\":\"en-US\"}]}<\/script>\n<!-- \/ Yoast SEO Premium plugin. -->","yoast_head_json":{"title":"dr. \u0150ri-T\u00f6m\u0151 Andrea - Jaczkovics \u00dcgyv\u00e9di Iroda","robots":{"index":"index","follow":"follow","max-snippet":"max-snippet:-1","max-image-preview":"max-image-preview:large","max-video-preview":"max-video-preview:-1"},"canonical":"https:\/\/jaczkovics.hu\/en\/dr-ori-tomo-andrea\/","og_locale":"en_US","og_type":"article","og_title":"dr. \u0150ri-T\u00f6m\u0151 Andrea","og_description":"dr. \u0150RI-T\u00d6M\u0150 Andrea attorney-at-lawShe specializes in real estate law. In addition to market transactions, she has particular expertise in the management of real estate assets forming part of the national wealth. That covers the conduct of tendering procedures for the sale and utilization of assets, asset management contracts and land development projects. Her services include [&hellip;]","og_url":"https:\/\/jaczkovics.hu\/en\/dr-ori-tomo-andrea\/","og_site_name":"Jaczkovics \u00dcgyv\u00e9di Iroda","article_modified_time":"2024-07-23T05:42:18+00:00","og_image":[{"width":1125,"height":633,"url":"https:\/\/jaczkovics.hu\/wp-content\/uploads\/2024\/03\/Jaczkovics-Ugyvedi-Iroda-og.jpg","type":"image\/jpeg"}],"twitter_card":"summary_large_image","twitter_misc":{"Est. reading time":"1 minute"},"schema":{"@context":"https:\/\/schema.org","@graph":[{"@type":"WebPage","@id":"https:\/\/jaczkovics.hu\/en\/dr-ori-tomo-andrea\/","url":"https:\/\/jaczkovics.hu\/en\/dr-ori-tomo-andrea\/","name":"dr. \u0150ri-T\u00f6m\u0151 Andrea - Jaczkovics \u00dcgyv\u00e9di Iroda","isPartOf":{"@id":"https:\/\/jaczkovics.hu\/#website"},"datePublished":"2024-02-23T10:30:09+00:00","dateModified":"2024-07-23T05:42:18+00:00","breadcrumb":{"@id":"https:\/\/jaczkovics.hu\/en\/dr-ori-tomo-andrea\/#breadcrumb"},"inLanguage":"en-US","potentialAction":[{"@type":"ReadAction","target":["https:\/\/jaczkovics.hu\/en\/dr-ori-tomo-andrea\/"]}]},{"@type":"BreadcrumbList","@id":"https:\/\/jaczkovics.hu\/en\/dr-ori-tomo-andrea\/#breadcrumb","itemListElement":[{"@type":"ListItem","position":1,"name":"Kezd\u0151lap","item":"https:\/\/jaczkovics.hu\/en\/home\/"},{"@type":"ListItem","position":2,"name":"dr. \u0150ri-T\u00f6m\u0151 Andrea"}]},{"@type":"WebSite","@id":"https:\/\/jaczkovics.hu\/#website","url":"https:\/\/jaczkovics.hu\/","name":"Jaczkovics \u00dcgyv\u00e9di Iroda","description":"","potentialAction":[{"@type":"SearchAction","target":{"@type":"EntryPoint","urlTemplate":"https:\/\/jaczkovics.hu\/?s={search_term_string}"},"query-input":{"@type":"PropertyValueSpecification","valueRequired":true,"valueName":"search_term_string"}}],"inLanguage":"en-US"}]}},"_links":{"self":[{"href":"https:\/\/jaczkovics.hu\/en\/wp-json\/wp\/v2\/pages\/1337","targetHints":{"allow":["GET"]}}],"collection":[{"href":"https:\/\/jaczkovics.hu\/en\/wp-json\/wp\/v2\/pages"}],"about":[{"href":"https:\/\/jaczkovics.hu\/en\/wp-json\/wp\/v2\/types\/page"}],"author":[{"embeddable":true,"href":"https:\/\/jaczkovics.hu\/en\/wp-json\/wp\/v2\/users\/2"}],"replies":[{"embeddable":true,"href":"https:\/\/jaczkovics.hu\/en\/wp-json\/wp\/v2\/comments?post=1337"}],"version-history":[{"count":2,"href":"https:\/\/jaczkovics.hu\/en\/wp-json\/wp\/v2\/pages\/1337\/revisions"}],"predecessor-version":[{"id":1341,"href":"https:\/\/jaczkovics.hu\/en\/wp-json\/wp\/v2\/pages\/1337\/revisions\/1341"}],"wp:attachment":[{"href":"https:\/\/jaczkovics.hu\/en\/wp-json\/wp\/v2\/media?parent=1337"}],"curies":[{"name":"wp","href":"https:\/\/api.w.org\/{rel}","templated":true}]}}