{"id":1323,"date":"2024-02-23T10:04:55","date_gmt":"2024-02-23T09:04:55","guid":{"rendered":"https:\/\/jaczkovics.hu\/dr-kodmon-ildiko\/"},"modified":"2024-07-23T07:36:58","modified_gmt":"2024-07-23T05:36:58","slug":"dr-kodmon-ildiko","status":"publish","type":"page","link":"https:\/\/jaczkovics.hu\/en\/dr-kodmon-ildiko\/","title":{"rendered":"dr. K\u00f6dm\u00f6n Ildik\u00f3"},"content":{"rendered":"<p>[et_pb_section fb_built=&#8221;1&#8243; _builder_version=&#8221;4.24.0&#8243; _module_preset=&#8221;default&#8221; global_colors_info=&#8221;{}&#8221;][et_pb_row column_structure=&#8221;1_3,2_3&#8243; _builder_version=&#8221;4.24.0&#8243; _module_preset=&#8221;default&#8221; width=&#8221;85%&#8221; max_width=&#8221;2560px&#8221; global_colors_info=&#8221;{}&#8221;][et_pb_column type=&#8221;1_3&#8243; _builder_version=&#8221;4.24.0&#8243; _module_preset=&#8221;default&#8221; global_colors_info=&#8221;{}&#8221;][et_pb_image src=&#8221;https:\/\/jaczkovics.hu\/wp-content\/uploads\/2024\/02\/Kodmon-Ildiko-ugyved.jpg&#8221; alt=&#8221;dr. K\u00f6dm\u00f6n Ildik\u00f3&#8221; title_text=&#8221;dr. K\u00f6dm\u00f6n Ildik\u00f3&#8221; _builder_version=&#8221;4.24.0&#8243; _module_preset=&#8221;default&#8221; animation_style=&#8221;fade&#8221; sticky_limit_bottom=&#8221;section&#8221; global_colors_info=&#8221;{}&#8221; filter_saturate__hover_enabled=&#8221;on|hover&#8221; filter_saturate__hover=&#8221;100%&#8221;][\/et_pb_image][\/et_pb_column][et_pb_column type=&#8221;2_3&#8243; _builder_version=&#8221;4.24.0&#8243; _module_preset=&#8221;default&#8221; global_colors_info=&#8221;{}&#8221;][et_pb_text _builder_version=&#8221;4.25.1&#8243; _module_preset=&#8221;default&#8221; text_font_size=&#8221;20px&#8221; header_text_color=&#8221;#ae0c21&#8243; header_font_size=&#8221;36px&#8221; custom_margin=&#8221;-1.4vh||||false|false&#8221; animation_style=&#8221;fade&#8221; hover_enabled=&#8221;0&#8243; global_colors_info=&#8221;{}&#8221; sticky_enabled=&#8221;0&#8243;]<\/p>\n<h1><strong>dr. K\u00d6DM\u00d6N Ildik\u00f3<\/strong><\/h1>\n<p><strong>attorney-at-law<\/strong><\/p>\n<p>[\/et_pb_text][et_pb_text _builder_version=&#8221;4.25.1&#8243; _module_preset=&#8221;default&#8221; text_orientation=&#8221;justified&#8221; custom_padding=&#8221;||||false|false&#8221; hover_enabled=&#8221;0&#8243; global_colors_info=&#8221;{}&#8221; sticky_enabled=&#8221;0&#8243;]<\/p>\n<p>She specializes in real estate and property management. She has extensive expertise in providing comprehensive legal support in the process of selling and utilizing real estate, as well as in complex land development projects. She has considerable litigation expertise as well, mainly in disputes related to real estate.<\/p>\n<p>She has professional knowledge in legal tasks related to land development and adjustment procedures in connection with the building regulations of municipalities, drafting land development agreements and in providing legal representation in relating administrative proceedings. She provides full-scale legal support for construction projects, from the selection of real estate, through design and construction to involvement in the official authorization procedures.<\/p>\n<p>She graduated in law from the University of Szeged in 2014, she has been with the office since 2016.<\/p>\n<p>[\/et_pb_text][et_pb_text _builder_version=&#8221;4.25.1&#8243; _module_preset=&#8221;default&#8221; text_text_color=&#8221;#ae0c21&#8243; text_font_size=&#8221;30px&#8221; text_line_height=&#8221;1.3em&#8221; custom_margin=&#8221;||10px||false|false&#8221; hover_enabled=&#8221;0&#8243; global_colors_info=&#8221;{}&#8221; sticky_enabled=&#8221;0&#8243;]<\/p>\n<p><strong>Fields of law:\u00a0<\/strong><\/p>\n<p>[\/et_pb_text][et_pb_text _builder_version=&#8221;4.25.1&#8243; _module_preset=&#8221;default&#8221; link_text_color=&#8221;#0a0a0a&#8221; custom_padding=&#8221;||||false|false&#8221; hover_enabled=&#8221;0&#8243; global_colors_info=&#8221;{}&#8221; sticky_enabled=&#8221;0&#8243;]<\/p>\n<p><span style=\"color: #af0d21;\"><span>\u25fc <a href=\"https:\/\/jaczkovics.hu\/en\/enforcement-and-dispute-resolution\/\">Enforcement and dispute resolution<\/a><\/span><\/span><br \/><span style=\"color: #af0d21;\">\u25fc<\/span> <span><a href=\"https:\/\/jaczkovics.hu\/en\/real-estates-and-property-management\/\">Real estates and property management<\/a><\/span><\/p>\n<p>[\/et_pb_text][et_pb_blurb title=&#8221;+36 (1) 374 9020 &#8221; use_icon=&#8221;on&#8221; font_icon=&#8221;&#xe090;||divi||400&#8243; icon_color=&#8221;#ae0c21&#8243; icon_placement=&#8221;left&#8221; image_icon_width=&#8221;28px&#8221; content_max_width=&#8221;1100px&#8221; _builder_version=&#8221;4.24.0&#8243; _module_preset=&#8221;default&#8221; header_font_size=&#8221;14px&#8221; body_font=&#8221;Montserrat||||||||&#8221; custom_margin=&#8221;||10px||false|false&#8221; border_radii_image=&#8221;on|30px|30px|30px|30px&#8221; global_colors_info=&#8221;{}&#8221;][\/et_pb_blurb][et_pb_blurb title=&#8221;uh.scivokzcaj@okidli.nomdok&#8221; use_icon=&#8221;on&#8221; font_icon=&#8221;&#xf0e0;||fa||900&#8243; icon_color=&#8221;#ae0c21&#8243; icon_placement=&#8221;left&#8221; image_icon_width=&#8221;28px&#8221; content_max_width=&#8221;1100px&#8221; _builder_version=&#8221;4.24.0&#8243; _module_preset=&#8221;default&#8221; header_font_size=&#8221;14px&#8221; body_font=&#8221;Montserrat||||||||&#8221; custom_margin=&#8221;||10px||false|false&#8221; link_option_url=&#8221;mailto:kodmon.ildiko%40jaczkovics.hu&#8221; custom_css_blurb_title=&#8221;unicode-bidi:bidi-override;||direction:rtl;||&#8221; global_colors_info=&#8221;{}&#8221;][\/et_pb_blurb][et_pb_blurb title=&#8221;LinkedIn&#8221; url_new_window=&#8221;on&#8221; use_icon=&#8221;on&#8221; font_icon=&#8221;&#xe0cb;||divi||400&#8243; icon_color=&#8221;#ae0c21&#8243; icon_placement=&#8221;left&#8221; image_icon_width=&#8221;28px&#8221; content_max_width=&#8221;1100px&#8221; _builder_version=&#8221;4.24.0&#8243; _module_preset=&#8221;default&#8221; header_font_size=&#8221;14px&#8221; body_font=&#8221;Montserrat||||||||&#8221; custom_margin=&#8221;||10px||false|false&#8221; link_option_url=&#8221;https:\/\/www.linkedin.com\/in\/ildik%C3%B3-k%C3%B6dm%C3%B6n-b615152a1\/&#8221; link_option_url_new_window=&#8221;on&#8221; custom_css_blurb_title=&#8221;margin-top: 4px;&#8221; global_colors_info=&#8221;{}&#8221;][\/et_pb_blurb][\/et_pb_column][\/et_pb_row][\/et_pb_section]<\/p>\n","protected":false},"excerpt":{"rendered":"<p>dr. K\u00d6DM\u00d6N Ildik\u00f3 attorney-at-lawShe specializes in real estate and property management. She has extensive expertise in providing comprehensive legal support in the process of selling and utilizing real estate, as well as in complex land development projects. She has considerable litigation expertise as well, mainly in disputes related to real estate. She has professional knowledge [&hellip;]<\/p>\n","protected":false},"author":2,"featured_media":0,"parent":0,"menu_order":0,"comment_status":"closed","ping_status":"closed","template":"","meta":{"_et_pb_use_builder":"on","_et_pb_old_content":"","_et_gb_content_width":"","footnotes":""},"class_list":["post-1323","page","type-page","status-publish","hentry"],"yoast_head":"<!-- This site is optimized with the Yoast SEO Premium plugin v27.4 (Yoast SEO v27.4) - https:\/\/yoast.com\/product\/yoast-seo-premium-wordpress\/ -->\n<title>dr. K\u00f6dm\u00f6n Ildik\u00f3 - Jaczkovics \u00dcgyv\u00e9di Iroda<\/title>\n<meta name=\"robots\" content=\"index, follow, max-snippet:-1, max-image-preview:large, max-video-preview:-1\" \/>\n<link rel=\"canonical\" href=\"https:\/\/jaczkovics.hu\/en\/dr-kodmon-ildiko\/\" \/>\n<meta property=\"og:locale\" content=\"en_US\" \/>\n<meta property=\"og:type\" content=\"article\" \/>\n<meta property=\"og:title\" content=\"dr. K\u00f6dm\u00f6n Ildik\u00f3\" \/>\n<meta property=\"og:description\" content=\"dr. K\u00d6DM\u00d6N Ildik\u00f3 attorney-at-lawShe specializes in real estate and property management. She has extensive expertise in providing comprehensive legal support in the process of selling and utilizing real estate, as well as in complex land development projects. She has considerable litigation expertise as well, mainly in disputes related to real estate. She has professional knowledge [&hellip;]\" \/>\n<meta property=\"og:url\" content=\"https:\/\/jaczkovics.hu\/en\/dr-kodmon-ildiko\/\" \/>\n<meta property=\"og:site_name\" content=\"Jaczkovics \u00dcgyv\u00e9di Iroda\" \/>\n<meta property=\"article:modified_time\" content=\"2024-07-23T05:36:58+00:00\" \/>\n<meta property=\"og:image\" content=\"https:\/\/jaczkovics.hu\/wp-content\/uploads\/2024\/03\/Jaczkovics-Ugyvedi-Iroda-og.jpg\" \/>\n\t<meta property=\"og:image:width\" content=\"1125\" \/>\n\t<meta property=\"og:image:height\" content=\"633\" \/>\n\t<meta property=\"og:image:type\" content=\"image\/jpeg\" \/>\n<meta name=\"twitter:card\" content=\"summary_large_image\" \/>\n<meta name=\"twitter:label1\" content=\"Est. reading time\" \/>\n\t<meta name=\"twitter:data1\" content=\"1 minute\" \/>\n<script type=\"application\/ld+json\" class=\"yoast-schema-graph\">{\"@context\":\"https:\\\/\\\/schema.org\",\"@graph\":[{\"@type\":\"WebPage\",\"@id\":\"https:\\\/\\\/jaczkovics.hu\\\/en\\\/dr-kodmon-ildiko\\\/\",\"url\":\"https:\\\/\\\/jaczkovics.hu\\\/en\\\/dr-kodmon-ildiko\\\/\",\"name\":\"dr. K\u00f6dm\u00f6n Ildik\u00f3 - Jaczkovics \u00dcgyv\u00e9di Iroda\",\"isPartOf\":{\"@id\":\"https:\\\/\\\/jaczkovics.hu\\\/#website\"},\"datePublished\":\"2024-02-23T09:04:55+00:00\",\"dateModified\":\"2024-07-23T05:36:58+00:00\",\"breadcrumb\":{\"@id\":\"https:\\\/\\\/jaczkovics.hu\\\/en\\\/dr-kodmon-ildiko\\\/#breadcrumb\"},\"inLanguage\":\"en-US\",\"potentialAction\":[{\"@type\":\"ReadAction\",\"target\":[\"https:\\\/\\\/jaczkovics.hu\\\/en\\\/dr-kodmon-ildiko\\\/\"]}]},{\"@type\":\"BreadcrumbList\",\"@id\":\"https:\\\/\\\/jaczkovics.hu\\\/en\\\/dr-kodmon-ildiko\\\/#breadcrumb\",\"itemListElement\":[{\"@type\":\"ListItem\",\"position\":1,\"name\":\"Kezd\u0151lap\",\"item\":\"https:\\\/\\\/jaczkovics.hu\\\/en\\\/home\\\/\"},{\"@type\":\"ListItem\",\"position\":2,\"name\":\"dr. K\u00f6dm\u00f6n Ildik\u00f3\"}]},{\"@type\":\"WebSite\",\"@id\":\"https:\\\/\\\/jaczkovics.hu\\\/#website\",\"url\":\"https:\\\/\\\/jaczkovics.hu\\\/\",\"name\":\"Jaczkovics \u00dcgyv\u00e9di Iroda\",\"description\":\"\",\"potentialAction\":[{\"@type\":\"SearchAction\",\"target\":{\"@type\":\"EntryPoint\",\"urlTemplate\":\"https:\\\/\\\/jaczkovics.hu\\\/?s={search_term_string}\"},\"query-input\":{\"@type\":\"PropertyValueSpecification\",\"valueRequired\":true,\"valueName\":\"search_term_string\"}}],\"inLanguage\":\"en-US\"}]}<\/script>\n<!-- \/ Yoast SEO Premium plugin. -->","yoast_head_json":{"title":"dr. K\u00f6dm\u00f6n Ildik\u00f3 - Jaczkovics \u00dcgyv\u00e9di Iroda","robots":{"index":"index","follow":"follow","max-snippet":"max-snippet:-1","max-image-preview":"max-image-preview:large","max-video-preview":"max-video-preview:-1"},"canonical":"https:\/\/jaczkovics.hu\/en\/dr-kodmon-ildiko\/","og_locale":"en_US","og_type":"article","og_title":"dr. K\u00f6dm\u00f6n Ildik\u00f3","og_description":"dr. K\u00d6DM\u00d6N Ildik\u00f3 attorney-at-lawShe specializes in real estate and property management. She has extensive expertise in providing comprehensive legal support in the process of selling and utilizing real estate, as well as in complex land development projects. She has considerable litigation expertise as well, mainly in disputes related to real estate. She has professional knowledge [&hellip;]","og_url":"https:\/\/jaczkovics.hu\/en\/dr-kodmon-ildiko\/","og_site_name":"Jaczkovics \u00dcgyv\u00e9di Iroda","article_modified_time":"2024-07-23T05:36:58+00:00","og_image":[{"width":1125,"height":633,"url":"https:\/\/jaczkovics.hu\/wp-content\/uploads\/2024\/03\/Jaczkovics-Ugyvedi-Iroda-og.jpg","type":"image\/jpeg"}],"twitter_card":"summary_large_image","twitter_misc":{"Est. reading time":"1 minute"},"schema":{"@context":"https:\/\/schema.org","@graph":[{"@type":"WebPage","@id":"https:\/\/jaczkovics.hu\/en\/dr-kodmon-ildiko\/","url":"https:\/\/jaczkovics.hu\/en\/dr-kodmon-ildiko\/","name":"dr. K\u00f6dm\u00f6n Ildik\u00f3 - Jaczkovics \u00dcgyv\u00e9di Iroda","isPartOf":{"@id":"https:\/\/jaczkovics.hu\/#website"},"datePublished":"2024-02-23T09:04:55+00:00","dateModified":"2024-07-23T05:36:58+00:00","breadcrumb":{"@id":"https:\/\/jaczkovics.hu\/en\/dr-kodmon-ildiko\/#breadcrumb"},"inLanguage":"en-US","potentialAction":[{"@type":"ReadAction","target":["https:\/\/jaczkovics.hu\/en\/dr-kodmon-ildiko\/"]}]},{"@type":"BreadcrumbList","@id":"https:\/\/jaczkovics.hu\/en\/dr-kodmon-ildiko\/#breadcrumb","itemListElement":[{"@type":"ListItem","position":1,"name":"Kezd\u0151lap","item":"https:\/\/jaczkovics.hu\/en\/home\/"},{"@type":"ListItem","position":2,"name":"dr. K\u00f6dm\u00f6n Ildik\u00f3"}]},{"@type":"WebSite","@id":"https:\/\/jaczkovics.hu\/#website","url":"https:\/\/jaczkovics.hu\/","name":"Jaczkovics \u00dcgyv\u00e9di Iroda","description":"","potentialAction":[{"@type":"SearchAction","target":{"@type":"EntryPoint","urlTemplate":"https:\/\/jaczkovics.hu\/?s={search_term_string}"},"query-input":{"@type":"PropertyValueSpecification","valueRequired":true,"valueName":"search_term_string"}}],"inLanguage":"en-US"}]}},"_links":{"self":[{"href":"https:\/\/jaczkovics.hu\/en\/wp-json\/wp\/v2\/pages\/1323","targetHints":{"allow":["GET"]}}],"collection":[{"href":"https:\/\/jaczkovics.hu\/en\/wp-json\/wp\/v2\/pages"}],"about":[{"href":"https:\/\/jaczkovics.hu\/en\/wp-json\/wp\/v2\/types\/page"}],"author":[{"embeddable":true,"href":"https:\/\/jaczkovics.hu\/en\/wp-json\/wp\/v2\/users\/2"}],"replies":[{"embeddable":true,"href":"https:\/\/jaczkovics.hu\/en\/wp-json\/wp\/v2\/comments?post=1323"}],"version-history":[{"count":2,"href":"https:\/\/jaczkovics.hu\/en\/wp-json\/wp\/v2\/pages\/1323\/revisions"}],"predecessor-version":[{"id":1329,"href":"https:\/\/jaczkovics.hu\/en\/wp-json\/wp\/v2\/pages\/1323\/revisions\/1329"}],"wp:attachment":[{"href":"https:\/\/jaczkovics.hu\/en\/wp-json\/wp\/v2\/media?parent=1323"}],"curies":[{"name":"wp","href":"https:\/\/api.w.org\/{rel}","templated":true}]}}