{"id":1299,"date":"2024-03-10T21:58:58","date_gmt":"2024-03-10T20:58:58","guid":{"rendered":"https:\/\/jaczkovics.hu\/dr-jaczkovics-laszlo-gabor\/"},"modified":"2025-08-26T14:56:12","modified_gmt":"2025-08-26T12:56:12","slug":"dr-jaczkovics-laszlo-gabor","status":"publish","type":"page","link":"https:\/\/jaczkovics.hu\/en\/dr-jaczkovics-laszlo-gabor\/","title":{"rendered":"dr. Jaczkovics L\u00e1szl\u00f3 G\u00e1bor"},"content":{"rendered":"<p>[et_pb_section fb_built=&#8221;1&#8243; _builder_version=&#8221;4.24.0&#8243; _module_preset=&#8221;default&#8221; global_colors_info=&#8221;{}&#8221;][et_pb_row column_structure=&#8221;1_3,2_3&#8243; _builder_version=&#8221;4.24.0&#8243; _module_preset=&#8221;default&#8221; width=&#8221;85%&#8221; max_width=&#8221;2560px&#8221; global_colors_info=&#8221;{}&#8221;][et_pb_column type=&#8221;1_3&#8243; _builder_version=&#8221;4.24.0&#8243; _module_preset=&#8221;default&#8221; global_colors_info=&#8221;{}&#8221;][et_pb_image src=&#8221;https:\/\/jaczkovics.hu\/wp-content\/uploads\/2024\/03\/Jaczkovics-Gabor.jpg&#8221; alt=&#8221;dr. Jaczkovics L\u00e1szl\u00f3 G\u00e1bor&#8221; title_text=&#8221;dr. Jaczkovics L\u00e1szl\u00f3 G\u00e1bor&#8221; _builder_version=&#8221;4.24.0&#8243; _module_preset=&#8221;default&#8221; overflow-x=&#8221;hidden&#8221; overflow-y=&#8221;hidden&#8221; animation_style=&#8221;fade&#8221; sticky_limit_top=&#8221;section&#8221; sticky_limit_bottom=&#8221;section&#8221; motion_trigger_start=&#8221;top&#8221; global_colors_info=&#8221;{}&#8221; filter_saturate__hover_enabled=&#8221;on|hover&#8221; filter_saturate__hover=&#8221;100%&#8221;][\/et_pb_image][\/et_pb_column][et_pb_column type=&#8221;2_3&#8243; _builder_version=&#8221;4.24.0&#8243; _module_preset=&#8221;default&#8221; global_colors_info=&#8221;{}&#8221;][et_pb_text _builder_version=&#8221;4.25.1&#8243; _module_preset=&#8221;default&#8221; text_font_size=&#8221;20px&#8221; header_text_color=&#8221;#ae0c21&#8243; header_font_size=&#8221;36px&#8221; custom_margin=&#8221;-1.4vh||||false|false&#8221; animation_style=&#8221;fade&#8221; global_colors_info=&#8221;{}&#8221;]<\/p>\n<h1><strong>dr. JACZKOVICS L\u00e1szl\u00f3 G\u00e1bor <\/strong><\/h1>\n<p><strong>managing attorney<\/strong><\/p>\n<p>[\/et_pb_text][et_pb_text _builder_version=&#8221;4.27.4&#8243; _module_preset=&#8221;default&#8221; text_orientation=&#8221;justified&#8221; custom_padding=&#8221;||||false|false&#8221; hover_enabled=&#8221;0&#8243; global_colors_info=&#8221;{}&#8221; sticky_enabled=&#8221;0&#8243;]<\/p>\n<p>As the managing attorney, he guides the professional operation and organization of the office and \u2013 along with his colleagues \u2013 to define long-term business strategy, as well as coordinate and supervise the measures required to achieve those objectives.<\/p>\n<p>He specializes mainly in real estate law and property management, where he has extensive expertise, in particular in relation to real estate investments and the utilization of certain assets of national wealth. In addition, his professional activity particularly focuses on matters concerning the operation of healthcare providers, the field of press and media law, as well as legal support related to the operation of higher education and cultural institutions.<\/p>\n<p>In 1992, he was a TEMPUS scholarship student at the Ludwig-Maximilians Universit\u00e4t in Munich and in 1993 a CEEPUS fellow at the Karl-Franz Universit\u00e4t in Graz.<\/p>\n<p>He graduated in law from the University of Szeged in 1995, and he obtained a degree in foreign trade law from E\u00f6tv\u00f6s L\u00f3r\u00e1nd University in 1999.<\/p>\n<p>In the course of his teaching activities, he was a lecturer at the University of Szeged between 1995 and 2005, and at the Sz\u00e9chenyi Istv\u00e1n University between 2000 and 2004.<\/p>\n<p>Among his public activities, between 1998 and 2001 he was a member of the Board of Directors of the National Textbook Publishing Company, between 2002 and 2006 he was a member of the Supervisory Board of the Hungarian Television Public Foundation, and its Chairman between 2006 and 2010.<\/p>\n<p>Between 1997 and 1999, he worked as a sole practitioner. He founded Jaczkovics Law Office in 1999, and has been its managing attorney since then.<\/p>\n<p>[\/et_pb_text][et_pb_text _builder_version=&#8221;4.25.1&#8243; _module_preset=&#8221;default&#8221; text_text_color=&#8221;#ae0c21&#8243; text_font_size=&#8221;30px&#8221; text_line_height=&#8221;1.3em&#8221; custom_margin=&#8221;||10px||false|false&#8221; global_colors_info=&#8221;{}&#8221;]<\/p>\n<p><strong>Fields of law:<\/strong><\/p>\n<p>[\/et_pb_text][et_pb_text _builder_version=&#8221;4.25.1&#8243; _module_preset=&#8221;default&#8221; link_text_color=&#8221;#0a0a0a&#8221; custom_padding=&#8221;||||false|false&#8221; global_colors_info=&#8221;{}&#8221;]<\/p>\n<p><span style=\"color: #af0d21;\">\u25fc<\/span> <span><a href=\"https:\/\/jaczkovics.hu\/en\/real-estates-and-property-management\/\">Real estates and property management<\/a><br \/><span style=\"color: #af0d21;\">\u25fc <a href=\"https:\/\/jaczkovics.hu\/en\/educational-and-cultural-institutions\/\">Educational and cultural institutions<\/a><\/span><\/span><br \/><span><span style=\"color: #af0d21;\">\u25fc<\/span> <a href=\"https:\/\/jaczkovics.hu\/en\/press-and-media\/\">Press and media<\/a><\/span><\/p>\n<p>[\/et_pb_text][et_pb_blurb title=&#8221;+36 (1) 374 9020 &#8221; use_icon=&#8221;on&#8221; font_icon=&#8221;&#xe090;||divi||400&#8243; icon_color=&#8221;#ae0c21&#8243; icon_placement=&#8221;left&#8221; image_icon_width=&#8221;28px&#8221; content_max_width=&#8221;1100px&#8221; _builder_version=&#8221;4.24.0&#8243; _module_preset=&#8221;default&#8221; header_font_size=&#8221;14px&#8221; body_font=&#8221;Montserrat||||||||&#8221; custom_margin=&#8221;||10px||false|false&#8221; border_radii_image=&#8221;on|30px|30px|30px|30px&#8221; global_colors_info=&#8221;{}&#8221;][\/et_pb_blurb][et_pb_blurb title=&#8221;uh.scivokzcaj@scivokzcaj&#8221; use_icon=&#8221;on&#8221; font_icon=&#8221;&#xf0e0;||fa||900&#8243; icon_color=&#8221;#ae0c21&#8243; icon_placement=&#8221;left&#8221; image_icon_width=&#8221;28px&#8221; content_max_width=&#8221;1100px&#8221; _builder_version=&#8221;4.24.0&#8243; _module_preset=&#8221;default&#8221; header_font_size=&#8221;14px&#8221; body_font=&#8221;Montserrat||||||||&#8221; custom_margin=&#8221;||10px||false|false&#8221; link_option_url=&#8221;mailto:jaczkovics%40jaczkovics.hu&#8221; custom_css_blurb_title=&#8221;unicode-bidi:bidi-override;||direction:rtl;||&#8221; global_colors_info=&#8221;{}&#8221;][\/et_pb_blurb][et_pb_blurb title=&#8221;LinkedIn&#8221; use_icon=&#8221;on&#8221; font_icon=&#8221;&#xe0cb;||divi||400&#8243; icon_color=&#8221;#ae0c21&#8243; icon_placement=&#8221;left&#8221; image_icon_width=&#8221;28px&#8221; content_max_width=&#8221;1100px&#8221; _builder_version=&#8221;4.24.0&#8243; _module_preset=&#8221;default&#8221; header_font_size=&#8221;14px&#8221; body_font=&#8221;Montserrat||||||||&#8221; custom_margin=&#8221;||10px||false|false&#8221; link_option_url=&#8221;https:\/\/www.linkedin.com\/in\/l%C3%A1szl%C3%B3-jaczkovics-b310812a5\/&#8221; link_option_url_new_window=&#8221;on&#8221; custom_css_blurb_title=&#8221;margin-top: 4px;&#8221; global_colors_info=&#8221;{}&#8221;][\/et_pb_blurb][\/et_pb_column][\/et_pb_row][\/et_pb_section]<\/p>\n","protected":false},"excerpt":{"rendered":"<p>dr. JACZKOVICS L\u00e1szl\u00f3 G\u00e1bor managing attorneyAs the managing attorney, he guides the professional operation and organization of the office and \u2013 along with his colleagues \u2013 to define long-term business strategy, as well as coordinate and supervise the measures required to achieve those objectives. He specializes mainly in real estate law and property management, where [&hellip;]<\/p>\n","protected":false},"author":1,"featured_media":0,"parent":0,"menu_order":0,"comment_status":"closed","ping_status":"closed","template":"","meta":{"_et_pb_use_builder":"on","_et_pb_old_content":"","_et_gb_content_width":"","footnotes":""},"class_list":["post-1299","page","type-page","status-publish","hentry"],"yoast_head":"<!-- This site is optimized with the Yoast SEO Premium plugin v27.4 (Yoast SEO v27.4) - https:\/\/yoast.com\/product\/yoast-seo-premium-wordpress\/ -->\n<title>dr. Jaczkovics L\u00e1szl\u00f3 G\u00e1bor - Jaczkovics \u00dcgyv\u00e9di Iroda<\/title>\n<meta name=\"robots\" content=\"index, follow, max-snippet:-1, max-image-preview:large, max-video-preview:-1\" \/>\n<link rel=\"canonical\" href=\"https:\/\/jaczkovics.hu\/en\/dr-jaczkovics-laszlo-gabor\/\" \/>\n<meta property=\"og:locale\" content=\"en_US\" \/>\n<meta property=\"og:type\" content=\"article\" \/>\n<meta property=\"og:title\" content=\"dr. Jaczkovics L\u00e1szl\u00f3 G\u00e1bor\" \/>\n<meta property=\"og:description\" content=\"dr. JACZKOVICS L\u00e1szl\u00f3 G\u00e1bor managing attorneyAs the managing attorney, he guides the professional operation and organization of the office and \u2013 along with his colleagues \u2013 to define long-term business strategy, as well as coordinate and supervise the measures required to achieve those objectives. He specializes mainly in real estate law and property management, where [&hellip;]\" \/>\n<meta property=\"og:url\" content=\"https:\/\/jaczkovics.hu\/en\/dr-jaczkovics-laszlo-gabor\/\" \/>\n<meta property=\"og:site_name\" content=\"Jaczkovics \u00dcgyv\u00e9di Iroda\" \/>\n<meta property=\"article:modified_time\" content=\"2025-08-26T12:56:12+00:00\" \/>\n<meta property=\"og:image\" content=\"https:\/\/jaczkovics.hu\/wp-content\/uploads\/2024\/03\/Jaczkovics-Ugyvedi-Iroda-og.jpg\" \/>\n\t<meta property=\"og:image:width\" content=\"1125\" \/>\n\t<meta property=\"og:image:height\" content=\"633\" \/>\n\t<meta property=\"og:image:type\" content=\"image\/jpeg\" \/>\n<meta name=\"twitter:card\" content=\"summary_large_image\" \/>\n<meta name=\"twitter:label1\" content=\"Est. reading time\" \/>\n\t<meta name=\"twitter:data1\" content=\"2 minutes\" \/>\n<script type=\"application\/ld+json\" class=\"yoast-schema-graph\">{\"@context\":\"https:\\\/\\\/schema.org\",\"@graph\":[{\"@type\":\"WebPage\",\"@id\":\"https:\\\/\\\/jaczkovics.hu\\\/en\\\/dr-jaczkovics-laszlo-gabor\\\/\",\"url\":\"https:\\\/\\\/jaczkovics.hu\\\/en\\\/dr-jaczkovics-laszlo-gabor\\\/\",\"name\":\"dr. Jaczkovics L\u00e1szl\u00f3 G\u00e1bor - Jaczkovics \u00dcgyv\u00e9di Iroda\",\"isPartOf\":{\"@id\":\"https:\\\/\\\/jaczkovics.hu\\\/#website\"},\"datePublished\":\"2024-03-10T20:58:58+00:00\",\"dateModified\":\"2025-08-26T12:56:12+00:00\",\"breadcrumb\":{\"@id\":\"https:\\\/\\\/jaczkovics.hu\\\/en\\\/dr-jaczkovics-laszlo-gabor\\\/#breadcrumb\"},\"inLanguage\":\"en-US\",\"potentialAction\":[{\"@type\":\"ReadAction\",\"target\":[\"https:\\\/\\\/jaczkovics.hu\\\/en\\\/dr-jaczkovics-laszlo-gabor\\\/\"]}]},{\"@type\":\"BreadcrumbList\",\"@id\":\"https:\\\/\\\/jaczkovics.hu\\\/en\\\/dr-jaczkovics-laszlo-gabor\\\/#breadcrumb\",\"itemListElement\":[{\"@type\":\"ListItem\",\"position\":1,\"name\":\"Kezd\u0151lap\",\"item\":\"https:\\\/\\\/jaczkovics.hu\\\/en\\\/home\\\/\"},{\"@type\":\"ListItem\",\"position\":2,\"name\":\"dr. Jaczkovics L\u00e1szl\u00f3 G\u00e1bor\"}]},{\"@type\":\"WebSite\",\"@id\":\"https:\\\/\\\/jaczkovics.hu\\\/#website\",\"url\":\"https:\\\/\\\/jaczkovics.hu\\\/\",\"name\":\"Jaczkovics \u00dcgyv\u00e9di Iroda\",\"description\":\"\",\"potentialAction\":[{\"@type\":\"SearchAction\",\"target\":{\"@type\":\"EntryPoint\",\"urlTemplate\":\"https:\\\/\\\/jaczkovics.hu\\\/?s={search_term_string}\"},\"query-input\":{\"@type\":\"PropertyValueSpecification\",\"valueRequired\":true,\"valueName\":\"search_term_string\"}}],\"inLanguage\":\"en-US\"}]}<\/script>\n<!-- \/ Yoast SEO Premium plugin. -->","yoast_head_json":{"title":"dr. Jaczkovics L\u00e1szl\u00f3 G\u00e1bor - Jaczkovics \u00dcgyv\u00e9di Iroda","robots":{"index":"index","follow":"follow","max-snippet":"max-snippet:-1","max-image-preview":"max-image-preview:large","max-video-preview":"max-video-preview:-1"},"canonical":"https:\/\/jaczkovics.hu\/en\/dr-jaczkovics-laszlo-gabor\/","og_locale":"en_US","og_type":"article","og_title":"dr. Jaczkovics L\u00e1szl\u00f3 G\u00e1bor","og_description":"dr. JACZKOVICS L\u00e1szl\u00f3 G\u00e1bor managing attorneyAs the managing attorney, he guides the professional operation and organization of the office and \u2013 along with his colleagues \u2013 to define long-term business strategy, as well as coordinate and supervise the measures required to achieve those objectives. He specializes mainly in real estate law and property management, where [&hellip;]","og_url":"https:\/\/jaczkovics.hu\/en\/dr-jaczkovics-laszlo-gabor\/","og_site_name":"Jaczkovics \u00dcgyv\u00e9di Iroda","article_modified_time":"2025-08-26T12:56:12+00:00","og_image":[{"width":1125,"height":633,"url":"https:\/\/jaczkovics.hu\/wp-content\/uploads\/2024\/03\/Jaczkovics-Ugyvedi-Iroda-og.jpg","type":"image\/jpeg"}],"twitter_card":"summary_large_image","twitter_misc":{"Est. reading time":"2 minutes"},"schema":{"@context":"https:\/\/schema.org","@graph":[{"@type":"WebPage","@id":"https:\/\/jaczkovics.hu\/en\/dr-jaczkovics-laszlo-gabor\/","url":"https:\/\/jaczkovics.hu\/en\/dr-jaczkovics-laszlo-gabor\/","name":"dr. Jaczkovics L\u00e1szl\u00f3 G\u00e1bor - Jaczkovics \u00dcgyv\u00e9di Iroda","isPartOf":{"@id":"https:\/\/jaczkovics.hu\/#website"},"datePublished":"2024-03-10T20:58:58+00:00","dateModified":"2025-08-26T12:56:12+00:00","breadcrumb":{"@id":"https:\/\/jaczkovics.hu\/en\/dr-jaczkovics-laszlo-gabor\/#breadcrumb"},"inLanguage":"en-US","potentialAction":[{"@type":"ReadAction","target":["https:\/\/jaczkovics.hu\/en\/dr-jaczkovics-laszlo-gabor\/"]}]},{"@type":"BreadcrumbList","@id":"https:\/\/jaczkovics.hu\/en\/dr-jaczkovics-laszlo-gabor\/#breadcrumb","itemListElement":[{"@type":"ListItem","position":1,"name":"Kezd\u0151lap","item":"https:\/\/jaczkovics.hu\/en\/home\/"},{"@type":"ListItem","position":2,"name":"dr. Jaczkovics L\u00e1szl\u00f3 G\u00e1bor"}]},{"@type":"WebSite","@id":"https:\/\/jaczkovics.hu\/#website","url":"https:\/\/jaczkovics.hu\/","name":"Jaczkovics \u00dcgyv\u00e9di Iroda","description":"","potentialAction":[{"@type":"SearchAction","target":{"@type":"EntryPoint","urlTemplate":"https:\/\/jaczkovics.hu\/?s={search_term_string}"},"query-input":{"@type":"PropertyValueSpecification","valueRequired":true,"valueName":"search_term_string"}}],"inLanguage":"en-US"}]}},"_links":{"self":[{"href":"https:\/\/jaczkovics.hu\/en\/wp-json\/wp\/v2\/pages\/1299","targetHints":{"allow":["GET"]}}],"collection":[{"href":"https:\/\/jaczkovics.hu\/en\/wp-json\/wp\/v2\/pages"}],"about":[{"href":"https:\/\/jaczkovics.hu\/en\/wp-json\/wp\/v2\/types\/page"}],"author":[{"embeddable":true,"href":"https:\/\/jaczkovics.hu\/en\/wp-json\/wp\/v2\/users\/1"}],"replies":[{"embeddable":true,"href":"https:\/\/jaczkovics.hu\/en\/wp-json\/wp\/v2\/comments?post=1299"}],"version-history":[{"count":3,"href":"https:\/\/jaczkovics.hu\/en\/wp-json\/wp\/v2\/pages\/1299\/revisions"}],"predecessor-version":[{"id":1767,"href":"https:\/\/jaczkovics.hu\/en\/wp-json\/wp\/v2\/pages\/1299\/revisions\/1767"}],"wp:attachment":[{"href":"https:\/\/jaczkovics.hu\/en\/wp-json\/wp\/v2\/media?parent=1299"}],"curies":[{"name":"wp","href":"https:\/\/api.w.org\/{rel}","templated":true}]}}