{"id":1287,"date":"2024-03-07T14:03:31","date_gmt":"2024-03-07T13:03:31","guid":{"rendered":"https:\/\/jaczkovics.hu\/munkajog\/"},"modified":"2024-12-05T13:59:05","modified_gmt":"2024-12-05T12:59:05","slug":"labor-law","status":"publish","type":"page","link":"https:\/\/jaczkovics.hu\/en\/labor-law\/","title":{"rendered":"Labor Law"},"content":{"rendered":"<p>[et_pb_section fb_built=&#8221;1&#8243; _builder_version=&#8221;4.24.0&#8243; _module_preset=&#8221;default&#8221; background_image=&#8221;https:\/\/jaczkovics.hu\/wp-content\/uploads\/2024\/03\/fejlec-4.jpg&#8221; custom_margin=&#8221;0px||0px||false|false&#8221; custom_padding=&#8221;0px||0px||false|false&#8221; global_colors_info=&#8221;{}&#8221;][et_pb_row column_structure=&#8221;3_4,1_4&#8243; make_equal=&#8221;on&#8221; _builder_version=&#8221;4.23.1&#8243; _module_preset=&#8221;default&#8221; background_color=&#8221;rgba(0,0,0,0.25)&#8221; width=&#8221;100%&#8221; max_width=&#8221;2560px&#8221; custom_margin=&#8221;0px||0px||false|false&#8221; custom_padding=&#8221;0px||0px||false|false&#8221; animation_style=&#8221;fade&#8221; animation_delay=&#8221;250ms&#8221; custom_css_main_element=&#8221;display: flex;&#8221; global_colors_info=&#8221;{}&#8221;][et_pb_column type=&#8221;3_4&#8243; module_class=&#8221;vertical-align&#8221; _builder_version=&#8221;4.23.1&#8243; _module_preset=&#8221;default&#8221; global_colors_info=&#8221;{}&#8221;][et_pb_text _builder_version=&#8221;4.25.1&#8243; _module_preset=&#8221;default&#8221; text_font=&#8221;Cormorant Garamond||||||||&#8221; header_text_color=&#8221;#FFFFFF&#8221; header_font_size=&#8221;46px&#8221; custom_margin=&#8221;|||14vw|false|false&#8221; custom_margin_tablet=&#8221;|||10vw|false|false&#8221; custom_margin_phone=&#8221;|||10vw|false|false&#8221; custom_margin_last_edited=&#8221;on|phone&#8221; animation_style=&#8221;fade&#8221; header_font_size_tablet=&#8221;36px&#8221; header_font_size_phone=&#8221;30px&#8221; header_font_size_last_edited=&#8221;on|phone&#8221; text_text_shadow_style=&#8221;preset3&#8243; text_text_shadow_color=&#8221;rgba(0,0,0,0.84)&#8221; header_text_shadow_style=&#8221;preset3&#8243; global_colors_info=&#8221;{}&#8221;]<\/p>\n<h1><strong>Labor Law<\/strong><\/h1>\n<p>[\/et_pb_text][\/et_pb_column][et_pb_column type=&#8221;1_4&#8243; _builder_version=&#8221;4.23.1&#8243; _module_preset=&#8221;default&#8221; global_colors_info=&#8221;{}&#8221;][et_pb_image src=&#8221;https:\/\/jaczkovics.hu\/wp-content\/uploads\/2024\/02\/J-emblema-2.png&#8221; title_text=&#8221;J emblema 2&#8243; _builder_version=&#8221;4.24.0&#8243; _module_preset=&#8221;default&#8221; max_width=&#8221;200px&#8221; module_alignment=&#8221;right&#8221; custom_margin=&#8221;0px||0px||false|false&#8221; custom_padding=&#8221;0px|20px|0px||false|false&#8221; animation_style=&#8221;slide&#8221; animation_direction=&#8221;right&#8221; animation_duration=&#8221;1200ms&#8221; animation_delay=&#8221;500ms&#8221; global_colors_info=&#8221;{}&#8221;][\/et_pb_image][\/et_pb_column][\/et_pb_row][\/et_pb_section][et_pb_section fb_built=&#8221;1&#8243; _builder_version=&#8221;4.23.1&#8243; _module_preset=&#8221;default&#8221; global_colors_info=&#8221;{}&#8221;][et_pb_row column_structure=&#8221;3_5,1_5,1_5&#8243; use_custom_gutter=&#8221;on&#8221; gutter_width=&#8221;2&#8243; _builder_version=&#8221;4.24.0&#8243; _module_preset=&#8221;default&#8221; custom_margin=&#8221;0px||0px||false|false&#8221; custom_padding=&#8221;0px||0px||false|false&#8221; global_colors_info=&#8221;{}&#8221;][et_pb_column type=&#8221;3_5&#8243; _builder_version=&#8221;4.24.0&#8243; _module_preset=&#8221;default&#8221; custom_padding=&#8221;||||false|false&#8221; global_colors_info=&#8221;{}&#8221;][\/et_pb_column][et_pb_column type=&#8221;1_5&#8243; _builder_version=&#8221;4.23.1&#8243; _module_preset=&#8221;default&#8221; global_colors_info=&#8221;{}&#8221;][et_pb_text disabled_on=&#8221;on|on|off&#8221; _builder_version=&#8221;4.25.1&#8243; _module_preset=&#8221;default&#8221; text_text_color=&#8221;#ae0c21&#8243; text_font_size=&#8221;24px&#8221; text_line_height=&#8221;1.3em&#8221; text_orientation=&#8221;right&#8221; custom_margin=&#8221;||10px||false|false&#8221; custom_margin_tablet=&#8221;0vh||||false|false&#8221; custom_margin_phone=&#8221;&#8221; custom_margin_last_edited=&#8221;on|desktop&#8221; text_orientation_tablet=&#8221;left&#8221; text_orientation_phone=&#8221;left&#8221; text_orientation_last_edited=&#8221;on|desktop&#8221; global_colors_info=&#8221;{}&#8221;]<\/p>\n<p><strong>Contact person<\/strong><\/p>\n<p>[\/et_pb_text][\/et_pb_column][et_pb_column type=&#8221;1_5&#8243; _builder_version=&#8221;4.23.1&#8243; _module_preset=&#8221;default&#8221; global_colors_info=&#8221;{}&#8221;][\/et_pb_column][\/et_pb_row][et_pb_row column_structure=&#8221;3_5,1_5,1_5&#8243; use_custom_gutter=&#8221;on&#8221; gutter_width=&#8221;2&#8243; _builder_version=&#8221;4.24.0&#8243; _module_preset=&#8221;default&#8221; custom_margin=&#8221;||0px||false|false&#8221; custom_padding=&#8221;||0px||false|false&#8221; global_colors_info=&#8221;{}&#8221;][et_pb_column type=&#8221;3_5&#8243; _builder_version=&#8221;4.24.0&#8243; _module_preset=&#8221;default&#8221; custom_padding=&#8221;||||false|false&#8221; global_colors_info=&#8221;{}&#8221;][et_pb_text _builder_version=&#8221;4.25.1&#8243; _module_preset=&#8221;default&#8221; text_orientation=&#8221;justified&#8221; global_colors_info=&#8221;{}&#8221;]<\/p>\n<p>We provide employment law advice and legal representation concerning labor and other like-wise relationships concluded by both private companies and public bodies, publicly-owned operators and other similar entities in the public domain. Our services cover issues arising from individual contracts and also collective agreements, as well as labor law liability and disputes, both for employees and employers.<\/p>\n<p>Our knowledge ranges from general employment relations to specific employment relationships in those sectoral fields covered by our legal services.<\/p>\n<p>[\/et_pb_text][\/et_pb_column][et_pb_column type=&#8221;1_5&#8243; _builder_version=&#8221;4.23.1&#8243; _module_preset=&#8221;default&#8221; global_colors_info=&#8221;{}&#8221;][et_pb_text disabled_on=&#8221;off|off|on&#8221; _builder_version=&#8221;4.25.1&#8243; _module_preset=&#8221;default&#8221; text_text_color=&#8221;#ae0c21&#8243; text_font_size=&#8221;24px&#8221; text_line_height=&#8221;1.3em&#8221; text_orientation=&#8221;right&#8221; custom_margin=&#8221;-7vh||10px||false|false&#8221; custom_margin_tablet=&#8221;0vh||||false|false&#8221; custom_margin_phone=&#8221;&#8221; custom_margin_last_edited=&#8221;on|desktop&#8221; text_orientation_tablet=&#8221;left&#8221; text_orientation_phone=&#8221;left&#8221; text_orientation_last_edited=&#8221;on|desktop&#8221; global_colors_info=&#8221;{}&#8221;]<\/p>\n<p><strong>Contact person<\/strong><\/p>\n<p>[\/et_pb_text][et_pb_image src=&#8221;https:\/\/jaczkovics.hu\/wp-content\/uploads\/2024\/12\/Tomordi-Boglarka-ugyved.jpg&#8221; alt=&#8221;dr. T\u00f6m\u00f6rdi Bogl\u00e1rka&#8221; title_text=&#8221;dr. T\u00f6m\u00f6rdi Bogl\u00e1rka&#8221; url=&#8221;https:\/\/jaczkovics.hu\/en\/dr-tomordi-boglarka\/&#8221; url_new_window=&#8221;on&#8221; _builder_version=&#8221;4.27.3&#8243; _module_preset=&#8221;default&#8221; max_width=&#8221;70%&#8221; module_alignment=&#8221;right&#8221; custom_margin=&#8221;||10px||false|false&#8221; animation_style=&#8221;fade&#8221; hover_enabled=&#8221;0&#8243; module_alignment_tablet=&#8221;left&#8221; module_alignment_phone=&#8221;left&#8221; module_alignment_last_edited=&#8221;on|tablet&#8221; box_shadow_style=&#8221;preset2&#8243; global_colors_info=&#8221;{}&#8221; sticky_enabled=&#8221;0&#8243;][\/et_pb_image][et_pb_text _builder_version=&#8221;4.27.3&#8243; _module_preset=&#8221;default&#8221; text_text_color=&#8221;#ae0c21&#8243; text_font_size=&#8221;17px&#8221; text_line_height=&#8221;1.3em&#8221; text_orientation=&#8221;right&#8221; custom_margin=&#8221;||0px||false|false&#8221; text_orientation_tablet=&#8221;left&#8221; text_orientation_phone=&#8221;left&#8221; text_orientation_last_edited=&#8221;on|tablet&#8221; global_colors_info=&#8221;{}&#8221;]<\/p>\n<p><strong>dr. T\u00d6M\u00d6RDI Bogl\u00e1rka<\/strong><\/p>\n<p>[\/et_pb_text][et_pb_text _builder_version=&#8221;4.25.1&#8243; _module_preset=&#8221;default&#8221; text_text_color=&#8221;#000000&#8243; text_line_height=&#8221;1.3em&#8221; text_orientation=&#8221;right&#8221; custom_margin=&#8221;||5px||false|false&#8221; text_orientation_tablet=&#8221;left&#8221; text_orientation_phone=&#8221;left&#8221; text_orientation_last_edited=&#8221;on|tablet&#8221; global_colors_info=&#8221;{}&#8221;]<\/p>\n<p>attorney-at-law<\/p>\n<p>[\/et_pb_text][et_pb_text _builder_version=&#8221;4.27.3&#8243; _module_preset=&#8221;default&#8221; text_text_color=&#8221;#d20a11&#8243; text_font_size=&#8221;13px&#8221; text_line_height=&#8221;1.3em&#8221; link_text_color=&#8221;#ae0c21&#8243; text_orientation=&#8221;right&#8221; custom_margin=&#8221;||20px||false|false&#8221; text_orientation_tablet=&#8221;left&#8221; text_orientation_phone=&#8221;left&#8221; text_orientation_last_edited=&#8221;on|desktop&#8221; locked=&#8221;off&#8221; global_colors_info=&#8221;{}&#8221;]<\/p>\n<p><span style=\"text-decoration: underline;\"><a class=\"reverse_text\" href=\"mailto:tomordi.boglarka%40jaczkovics.hu\">uh.scivokzcaj@akralgob.idromot<\/a><\/span><\/p>\n<p>[\/et_pb_text][\/et_pb_column][et_pb_column type=&#8221;1_5&#8243; _builder_version=&#8221;4.23.1&#8243; _module_preset=&#8221;default&#8221; global_colors_info=&#8221;{}&#8221;][et_pb_image src=&#8221;https:\/\/jaczkovics.hu\/wp-content\/uploads\/2024\/02\/Ori-Tomo-Andrea.jpg&#8221; alt=&#8221;dr. \u0150ri-T\u00f6m\u0151 Andrea&#8221; title_text=&#8221;dr. \u0150ri-T\u00f6m\u0151 Andrea&#8221; url=&#8221;https:\/\/jaczkovics.hu\/en\/dr-ori-tomo-andrea\/&#8221; url_new_window=&#8221;on&#8221; _builder_version=&#8221;4.27.0&#8243; _module_preset=&#8221;default&#8221; max_width=&#8221;70%&#8221; module_alignment=&#8221;right&#8221; custom_margin=&#8221;||10px||false|false&#8221; animation_style=&#8221;fade&#8221; module_alignment_tablet=&#8221;left&#8221; module_alignment_phone=&#8221;left&#8221; module_alignment_last_edited=&#8221;on|tablet&#8221; box_shadow_style=&#8221;preset2&#8243; global_colors_info=&#8221;{}&#8221;][\/et_pb_image][et_pb_text _builder_version=&#8221;4.27.0&#8243; _module_preset=&#8221;default&#8221; text_text_color=&#8221;#ae0c21&#8243; text_font_size=&#8221;17px&#8221; text_line_height=&#8221;1.3em&#8221; text_orientation=&#8221;right&#8221; custom_margin=&#8221;||0px||false|false&#8221; text_orientation_tablet=&#8221;left&#8221; text_orientation_phone=&#8221;left&#8221; text_orientation_last_edited=&#8221;on|tablet&#8221; global_colors_info=&#8221;{}&#8221;]<\/p>\n<p><strong>dr. \u0150RI-T\u00d6M\u0150 Andrea<\/strong><\/p>\n<p>[\/et_pb_text][et_pb_text _builder_version=&#8221;4.25.1&#8243; _module_preset=&#8221;default&#8221; text_text_color=&#8221;#000000&#8243; text_line_height=&#8221;1.3em&#8221; text_orientation=&#8221;right&#8221; custom_margin=&#8221;||5px||false|false&#8221; text_orientation_tablet=&#8221;left&#8221; text_orientation_phone=&#8221;left&#8221; text_orientation_last_edited=&#8221;on|tablet&#8221; global_colors_info=&#8221;{}&#8221;]<\/p>\n<p>attorney-at-law<\/p>\n<p>[\/et_pb_text][et_pb_text _builder_version=&#8221;4.24.0&#8243; _module_preset=&#8221;default&#8221; text_text_color=&#8221;#d20a11&#8243; text_font_size=&#8221;12px&#8221; text_line_height=&#8221;1.3em&#8221; link_text_color=&#8221;#ae0c21&#8243; text_orientation=&#8221;right&#8221; custom_margin=&#8221;||20px||false|false&#8221; text_orientation_tablet=&#8221;left&#8221; text_orientation_phone=&#8221;left&#8221; text_orientation_last_edited=&#8221;on|desktop&#8221; global_colors_info=&#8221;{}&#8221;]<span style=\"text-decoration: underline;\"><a class=\"reverse_text\" href=\"mailto:ori-tomo.andrea%40jaczkovics.hu\">uh.scivokzcaj@aerdna.omot-iro<\/a><\/span>[\/et_pb_text][\/et_pb_column][\/et_pb_row][et_pb_row column_structure=&#8221;1_3,2_3&#8243; module_class=&#8221;reverse-columns-mobile&#8221; _builder_version=&#8221;4.24.0&#8243; _module_preset=&#8221;default&#8221; global_colors_info=&#8221;{}&#8221;][et_pb_column type=&#8221;1_3&#8243; _builder_version=&#8221;4.23.1&#8243; _module_preset=&#8221;default&#8221; global_colors_info=&#8221;{}&#8221;][et_pb_image src=&#8221;https:\/\/jaczkovics.hu\/wp-content\/uploads\/2024\/03\/munkajog.jpg&#8221; alt=&#8221;Munkajog&#8221; title_text=&#8221;Munkajog&#8221; _builder_version=&#8221;4.24.0&#8243; _module_preset=&#8221;default&#8221; animation_style=&#8221;fade&#8221; global_colors_info=&#8221;{}&#8221;][\/et_pb_image][\/et_pb_column][et_pb_column type=&#8221;2_3&#8243; _builder_version=&#8221;4.23.1&#8243; _module_preset=&#8221;default&#8221; global_colors_info=&#8221;{}&#8221;][et_pb_toggle title=&#8221;Healthcare employment&#8221; open_toggle_text_color=&#8221;#d20a11&#8243; closed_toggle_background_color=&#8221;#FFFFFF&#8221; icon_color=&#8221;#d20a11&#8243; toggle_icon=&#8221;&#x3f;||divi||400&#8243; open_icon_color=&#8221;#d20a11&#8243; _builder_version=&#8221;4.25.1&#8243; _module_preset=&#8221;default&#8221; title_text_color=&#8221;#000000&#8243; title_font_size=&#8221;24px&#8221; text_orientation=&#8221;justified&#8221; animation_style=&#8221;slide&#8221; animation_direction=&#8221;bottom&#8221; border_width_all=&#8221;2px&#8221; border_color_all=&#8221;#ae0c21&#8243; box_shadow_style=&#8221;preset2&#8243; global_colors_info=&#8221;{}&#8221;]<\/p>\n<p>Our expertise includes labor law issues regarding public and private healthcare providers, under the terms of a health service relationship, employment relationship and other similar relationships for the purpose of work (such as contributor, personal assistant and volunteer relationships).<\/p>\n<p>[\/et_pb_toggle][et_pb_toggle title=&#8221;Higher education employment&#8221; open_toggle_text_color=&#8221;#d20a11&#8243; closed_toggle_background_color=&#8221;#FFFFFF&#8221; icon_color=&#8221;#d20a11&#8243; toggle_icon=&#8221;&#x3f;||divi||400&#8243; open_icon_color=&#8221;#d20a11&#8243; _builder_version=&#8221;4.25.1&#8243; _module_preset=&#8221;default&#8221; title_text_color=&#8221;#000000&#8243; title_font_size=&#8221;24px&#8221; text_orientation=&#8221;justified&#8221; animation_style=&#8221;slide&#8221; animation_direction=&#8221;bottom&#8221; border_width_all=&#8221;2px&#8221; border_color_all=&#8221;#ae0c21&#8243; box_shadow_style=&#8221;preset2&#8243; global_colors_info=&#8221;{}&#8221;]<\/p>\n<p>We provide practical expertise in labor law issues concerning the employment relationships of higher education institutions and institutional companies, in particular, in relation to the employment of lecturers, researchers, professors and executive personnel, persons with individual contract relationships and student employees. Our services cover specific areas such as the qualification and performance rating of employees or the scope of employee benefits.<\/p>\n<p>[\/et_pb_toggle][et_pb_toggle title=&#8221;Employment relations of cultural institutions&#8221; open_toggle_text_color=&#8221;#d20a11&#8243; closed_toggle_background_color=&#8221;#FFFFFF&#8221; icon_color=&#8221;#d20a11&#8243; toggle_icon=&#8221;&#x3f;||divi||400&#8243; open_icon_color=&#8221;#d20a11&#8243; _builder_version=&#8221;4.25.1&#8243; _module_preset=&#8221;default&#8221; title_text_color=&#8221;#000000&#8243; title_font_size=&#8221;24px&#8221; text_orientation=&#8221;justified&#8221; animation_style=&#8221;slide&#8221; animation_direction=&#8221;bottom&#8221; border_width_all=&#8221;2px&#8221; border_color_all=&#8221;#ae0c21&#8243; box_shadow_style=&#8221;preset2&#8243; global_colors_info=&#8221;{}&#8221;]<\/p>\n<p>Our expertise covers specific labor law rules applicable to persons employed under both general labor regulations and specific performer-artistic relationships by cultural institutions, including questions arising in connection with their practical application.<\/p>\n<p>[\/et_pb_toggle][et_pb_toggle title=&#8221;Specific labor law matters&#8221; open_toggle_text_color=&#8221;#d20a11&#8243; closed_toggle_background_color=&#8221;#FFFFFF&#8221; icon_color=&#8221;#d20a11&#8243; toggle_icon=&#8221;&#x3f;||divi||400&#8243; open_icon_color=&#8221;#d20a11&#8243; _builder_version=&#8221;4.25.1&#8243; _module_preset=&#8221;default&#8221; title_text_color=&#8221;#000000&#8243; title_font_size=&#8221;24px&#8221; text_orientation=&#8221;justified&#8221; animation_style=&#8221;slide&#8221; animation_direction=&#8221;bottom&#8221; border_width_all=&#8221;2px&#8221; border_color_all=&#8221;#ae0c21&#8243; box_shadow_style=&#8221;preset2&#8243; global_colors_info=&#8221;{}&#8221;]<\/p>\n<p>We provide practical expertise in managing the implementation of employer succession and collective redundancies, drafting collective agreements, representing employers&#8217; interests with representative bodies, and preventing and managing labor conflicts arising from reorganization and outsourcing.<\/p>\n<p>[\/et_pb_toggle][et_pb_toggle title=&#8221;Labor disputes&#8221; open_toggle_text_color=&#8221;#d20a11&#8243; closed_toggle_background_color=&#8221;#FFFFFF&#8221; icon_color=&#8221;#d20a11&#8243; toggle_icon=&#8221;&#x3f;||divi||400&#8243; open_icon_color=&#8221;#d20a11&#8243; _builder_version=&#8221;4.25.1&#8243; _module_preset=&#8221;default&#8221; title_text_color=&#8221;#000000&#8243; title_font_size=&#8221;24px&#8221; text_orientation=&#8221;justified&#8221; animation_style=&#8221;slide&#8221; animation_direction=&#8221;bottom&#8221; border_width_all=&#8221;2px&#8221; border_color_all=&#8221;#ae0c21&#8243; box_shadow_style=&#8221;preset2&#8243; global_colors_info=&#8221;{}&#8221;]<\/p>\n<p>We provide comprehensive advice and litigation representation in connection with disputes related to employment and other like-wise relations to both employers and employees, in both plaintiff and defendant positions as well.<\/p>\n<p>[\/et_pb_toggle][\/et_pb_column][\/et_pb_row][\/et_pb_section]<\/p>\n","protected":false},"excerpt":{"rendered":"<p>Labor LawContact personWe provide employment law advice and legal representation concerning labor and other like-wise relationships concluded by both private companies and public bodies, publicly-owned operators and other similar entities in the public domain. Our services cover issues arising from individual contracts and also collective agreements, as well as labor law liability and disputes, both [&hellip;]<\/p>\n","protected":false},"author":1,"featured_media":0,"parent":0,"menu_order":0,"comment_status":"closed","ping_status":"closed","template":"","meta":{"_et_pb_use_builder":"on","_et_pb_old_content":"","_et_gb_content_width":"","footnotes":""},"class_list":["post-1287","page","type-page","status-publish","hentry"],"yoast_head":"<!-- This site is optimized with the Yoast SEO Premium plugin v26.2 (Yoast SEO v26.8) - https:\/\/yoast.com\/product\/yoast-seo-premium-wordpress\/ -->\n<title>Labor Law - Jaczkovics \u00dcgyv\u00e9di Iroda<\/title>\n<meta name=\"robots\" content=\"index, follow, max-snippet:-1, max-image-preview:large, max-video-preview:-1\" \/>\n<link rel=\"canonical\" href=\"https:\/\/jaczkovics.hu\/en\/labor-law\/\" \/>\n<meta property=\"og:locale\" content=\"en_US\" \/>\n<meta property=\"og:type\" content=\"article\" \/>\n<meta property=\"og:title\" content=\"Labor Law\" \/>\n<meta property=\"og:description\" content=\"Labor LawContact personWe provide employment law advice and legal representation concerning labor and other like-wise relationships concluded by both private companies and public bodies, publicly-owned operators and other similar entities in the public domain. Our services cover issues arising from individual contracts and also collective agreements, as well as labor law liability and disputes, both [&hellip;]\" \/>\n<meta property=\"og:url\" content=\"https:\/\/jaczkovics.hu\/en\/labor-law\/\" \/>\n<meta property=\"og:site_name\" content=\"Jaczkovics \u00dcgyv\u00e9di Iroda\" \/>\n<meta property=\"article:modified_time\" content=\"2024-12-05T12:59:05+00:00\" \/>\n<meta property=\"og:image\" content=\"https:\/\/jaczkovics.hu\/wp-content\/uploads\/2024\/03\/Jaczkovics-Ugyvedi-Iroda-og.jpg\" \/>\n\t<meta property=\"og:image:width\" content=\"1125\" \/>\n\t<meta property=\"og:image:height\" content=\"633\" \/>\n\t<meta property=\"og:image:type\" content=\"image\/jpeg\" \/>\n<meta name=\"twitter:card\" content=\"summary_large_image\" \/>\n<meta name=\"twitter:label1\" content=\"Est. reading time\" \/>\n\t<meta name=\"twitter:data1\" content=\"3 minutes\" \/>\n<script type=\"application\/ld+json\" class=\"yoast-schema-graph\">{\"@context\":\"https:\/\/schema.org\",\"@graph\":[{\"@type\":\"WebPage\",\"@id\":\"https:\/\/jaczkovics.hu\/en\/labor-law\/\",\"url\":\"https:\/\/jaczkovics.hu\/en\/labor-law\/\",\"name\":\"Labor Law - Jaczkovics \u00dcgyv\u00e9di Iroda\",\"isPartOf\":{\"@id\":\"https:\/\/jaczkovics.hu\/#website\"},\"datePublished\":\"2024-03-07T13:03:31+00:00\",\"dateModified\":\"2024-12-05T12:59:05+00:00\",\"breadcrumb\":{\"@id\":\"https:\/\/jaczkovics.hu\/en\/labor-law\/#breadcrumb\"},\"inLanguage\":\"en-US\",\"potentialAction\":[{\"@type\":\"ReadAction\",\"target\":[\"https:\/\/jaczkovics.hu\/en\/labor-law\/\"]}]},{\"@type\":\"BreadcrumbList\",\"@id\":\"https:\/\/jaczkovics.hu\/en\/labor-law\/#breadcrumb\",\"itemListElement\":[{\"@type\":\"ListItem\",\"position\":1,\"name\":\"Kezd\u0151lap\",\"item\":\"https:\/\/jaczkovics.hu\/en\/home\/\"},{\"@type\":\"ListItem\",\"position\":2,\"name\":\"Labor Law\"}]},{\"@type\":\"WebSite\",\"@id\":\"https:\/\/jaczkovics.hu\/#website\",\"url\":\"https:\/\/jaczkovics.hu\/\",\"name\":\"Jaczkovics \u00dcgyv\u00e9di Iroda\",\"description\":\"\",\"potentialAction\":[{\"@type\":\"SearchAction\",\"target\":{\"@type\":\"EntryPoint\",\"urlTemplate\":\"https:\/\/jaczkovics.hu\/?s={search_term_string}\"},\"query-input\":{\"@type\":\"PropertyValueSpecification\",\"valueRequired\":true,\"valueName\":\"search_term_string\"}}],\"inLanguage\":\"en-US\"}]}<\/script>\n<!-- \/ Yoast SEO Premium plugin. -->","yoast_head_json":{"title":"Labor Law - Jaczkovics \u00dcgyv\u00e9di Iroda","robots":{"index":"index","follow":"follow","max-snippet":"max-snippet:-1","max-image-preview":"max-image-preview:large","max-video-preview":"max-video-preview:-1"},"canonical":"https:\/\/jaczkovics.hu\/en\/labor-law\/","og_locale":"en_US","og_type":"article","og_title":"Labor Law","og_description":"Labor LawContact personWe provide employment law advice and legal representation concerning labor and other like-wise relationships concluded by both private companies and public bodies, publicly-owned operators and other similar entities in the public domain. Our services cover issues arising from individual contracts and also collective agreements, as well as labor law liability and disputes, both [&hellip;]","og_url":"https:\/\/jaczkovics.hu\/en\/labor-law\/","og_site_name":"Jaczkovics \u00dcgyv\u00e9di Iroda","article_modified_time":"2024-12-05T12:59:05+00:00","og_image":[{"width":1125,"height":633,"url":"https:\/\/jaczkovics.hu\/wp-content\/uploads\/2024\/03\/Jaczkovics-Ugyvedi-Iroda-og.jpg","type":"image\/jpeg"}],"twitter_card":"summary_large_image","twitter_misc":{"Est. reading time":"3 minutes"},"schema":{"@context":"https:\/\/schema.org","@graph":[{"@type":"WebPage","@id":"https:\/\/jaczkovics.hu\/en\/labor-law\/","url":"https:\/\/jaczkovics.hu\/en\/labor-law\/","name":"Labor Law - Jaczkovics \u00dcgyv\u00e9di Iroda","isPartOf":{"@id":"https:\/\/jaczkovics.hu\/#website"},"datePublished":"2024-03-07T13:03:31+00:00","dateModified":"2024-12-05T12:59:05+00:00","breadcrumb":{"@id":"https:\/\/jaczkovics.hu\/en\/labor-law\/#breadcrumb"},"inLanguage":"en-US","potentialAction":[{"@type":"ReadAction","target":["https:\/\/jaczkovics.hu\/en\/labor-law\/"]}]},{"@type":"BreadcrumbList","@id":"https:\/\/jaczkovics.hu\/en\/labor-law\/#breadcrumb","itemListElement":[{"@type":"ListItem","position":1,"name":"Kezd\u0151lap","item":"https:\/\/jaczkovics.hu\/en\/home\/"},{"@type":"ListItem","position":2,"name":"Labor Law"}]},{"@type":"WebSite","@id":"https:\/\/jaczkovics.hu\/#website","url":"https:\/\/jaczkovics.hu\/","name":"Jaczkovics \u00dcgyv\u00e9di Iroda","description":"","potentialAction":[{"@type":"SearchAction","target":{"@type":"EntryPoint","urlTemplate":"https:\/\/jaczkovics.hu\/?s={search_term_string}"},"query-input":{"@type":"PropertyValueSpecification","valueRequired":true,"valueName":"search_term_string"}}],"inLanguage":"en-US"}]}},"_links":{"self":[{"href":"https:\/\/jaczkovics.hu\/en\/wp-json\/wp\/v2\/pages\/1287","targetHints":{"allow":["GET"]}}],"collection":[{"href":"https:\/\/jaczkovics.hu\/en\/wp-json\/wp\/v2\/pages"}],"about":[{"href":"https:\/\/jaczkovics.hu\/en\/wp-json\/wp\/v2\/types\/page"}],"author":[{"embeddable":true,"href":"https:\/\/jaczkovics.hu\/en\/wp-json\/wp\/v2\/users\/1"}],"replies":[{"embeddable":true,"href":"https:\/\/jaczkovics.hu\/en\/wp-json\/wp\/v2\/comments?post=1287"}],"version-history":[{"count":6,"href":"https:\/\/jaczkovics.hu\/en\/wp-json\/wp\/v2\/pages\/1287\/revisions"}],"predecessor-version":[{"id":1590,"href":"https:\/\/jaczkovics.hu\/en\/wp-json\/wp\/v2\/pages\/1287\/revisions\/1590"}],"wp:attachment":[{"href":"https:\/\/jaczkovics.hu\/en\/wp-json\/wp\/v2\/media?parent=1287"}],"curies":[{"name":"wp","href":"https:\/\/api.w.org\/{rel}","templated":true}]}}