{"id":1268,"date":"2024-02-22T15:29:47","date_gmt":"2024-02-22T14:29:47","guid":{"rendered":"https:\/\/jaczkovics.hu\/sajto-es-mediajog\/"},"modified":"2024-12-05T13:59:52","modified_gmt":"2024-12-05T12:59:52","slug":"press-and-media","status":"publish","type":"page","link":"https:\/\/jaczkovics.hu\/en\/press-and-media\/","title":{"rendered":"Press and media"},"content":{"rendered":"<p>[et_pb_section fb_built=&#8221;1&#8243; _builder_version=&#8221;4.24.0&#8243; _module_preset=&#8221;default&#8221; background_image=&#8221;https:\/\/jaczkovics.hu\/wp-content\/uploads\/2024\/02\/fejlec-6.jpg&#8221; custom_margin=&#8221;0px||0px||false|false&#8221; custom_padding=&#8221;0px||0px||false|false&#8221; global_colors_info=&#8221;{}&#8221;][et_pb_row column_structure=&#8221;3_4,1_4&#8243; make_equal=&#8221;on&#8221; _builder_version=&#8221;4.23.1&#8243; _module_preset=&#8221;default&#8221; background_color=&#8221;rgba(0,0,0,0.25)&#8221; width=&#8221;100%&#8221; max_width=&#8221;2560px&#8221; custom_margin=&#8221;0px||0px||false|false&#8221; custom_padding=&#8221;0px||0px||false|false&#8221; animation_style=&#8221;fade&#8221; animation_delay=&#8221;250ms&#8221; custom_css_main_element=&#8221;display: flex;&#8221; global_colors_info=&#8221;{}&#8221;][et_pb_column type=&#8221;3_4&#8243; module_class=&#8221;vertical-align&#8221; _builder_version=&#8221;4.23.1&#8243; _module_preset=&#8221;default&#8221; global_colors_info=&#8221;{}&#8221;][et_pb_text _builder_version=&#8221;4.25.1&#8243; _module_preset=&#8221;default&#8221; text_font=&#8221;Cormorant Garamond||||||||&#8221; header_text_color=&#8221;#FFFFFF&#8221; header_font_size=&#8221;46px&#8221; custom_margin=&#8221;|||14vw|false|false&#8221; custom_margin_tablet=&#8221;|||10vw|false|false&#8221; custom_margin_phone=&#8221;|||10vw|false|false&#8221; custom_margin_last_edited=&#8221;on|phone&#8221; animation_style=&#8221;fade&#8221; header_font_size_tablet=&#8221;36px&#8221; header_font_size_phone=&#8221;30px&#8221; header_font_size_last_edited=&#8221;on|phone&#8221; text_text_shadow_style=&#8221;preset3&#8243; text_text_shadow_color=&#8221;rgba(0,0,0,0.84)&#8221; header_text_shadow_style=&#8221;preset3&#8243; global_colors_info=&#8221;{}&#8221;]<\/p>\n<h1><strong>Press and media<\/strong><\/h1>\n<p>[\/et_pb_text][\/et_pb_column][et_pb_column type=&#8221;1_4&#8243; _builder_version=&#8221;4.23.1&#8243; _module_preset=&#8221;default&#8221; global_colors_info=&#8221;{}&#8221;][et_pb_image src=&#8221;https:\/\/jaczkovics.hu\/wp-content\/uploads\/2024\/02\/J-emblema-2.png&#8221; title_text=&#8221;J emblema 2&#8243; _builder_version=&#8221;4.24.0&#8243; _module_preset=&#8221;default&#8221; max_width=&#8221;200px&#8221; module_alignment=&#8221;right&#8221; custom_margin=&#8221;0px||0px||false|false&#8221; custom_padding=&#8221;0px|20px|0px||false|false&#8221; animation_style=&#8221;slide&#8221; animation_direction=&#8221;right&#8221; animation_duration=&#8221;1200ms&#8221; animation_delay=&#8221;500ms&#8221; global_colors_info=&#8221;{}&#8221;][\/et_pb_image][\/et_pb_column][\/et_pb_row][\/et_pb_section][et_pb_section fb_built=&#8221;1&#8243; _builder_version=&#8221;4.23.1&#8243; _module_preset=&#8221;default&#8221; global_colors_info=&#8221;{}&#8221;][et_pb_row column_structure=&#8221;3_5,1_5,1_5&#8243; use_custom_gutter=&#8221;on&#8221; gutter_width=&#8221;2&#8243; _builder_version=&#8221;4.24.0&#8243; _module_preset=&#8221;default&#8221; custom_margin=&#8221;0px||0px||false|false&#8221; custom_padding=&#8221;0px||0px||false|false&#8221; global_colors_info=&#8221;{}&#8221;][et_pb_column type=&#8221;3_5&#8243; _builder_version=&#8221;4.24.0&#8243; _module_preset=&#8221;default&#8221; custom_padding=&#8221;||||false|false&#8221; global_colors_info=&#8221;{}&#8221;][\/et_pb_column][et_pb_column type=&#8221;1_5&#8243; _builder_version=&#8221;4.23.1&#8243; _module_preset=&#8221;default&#8221; global_colors_info=&#8221;{}&#8221;][et_pb_text disabled_on=&#8221;on|on|off&#8221; _builder_version=&#8221;4.25.1&#8243; _module_preset=&#8221;default&#8221; text_text_color=&#8221;#ae0c21&#8243; text_font_size=&#8221;24px&#8221; text_line_height=&#8221;1.3em&#8221; text_orientation=&#8221;right&#8221; custom_margin=&#8221;||10px||false|false&#8221; custom_margin_tablet=&#8221;0vh||||false|false&#8221; custom_margin_phone=&#8221;&#8221; custom_margin_last_edited=&#8221;on|desktop&#8221; text_orientation_tablet=&#8221;left&#8221; text_orientation_phone=&#8221;left&#8221; text_orientation_last_edited=&#8221;on|desktop&#8221; global_colors_info=&#8221;{}&#8221;]<\/p>\n<p><strong>Contact person<\/strong><\/p>\n<p>[\/et_pb_text][\/et_pb_column][et_pb_column type=&#8221;1_5&#8243; _builder_version=&#8221;4.23.1&#8243; _module_preset=&#8221;default&#8221; global_colors_info=&#8221;{}&#8221;][\/et_pb_column][\/et_pb_row][et_pb_row column_structure=&#8221;3_5,1_5,1_5&#8243; use_custom_gutter=&#8221;on&#8221; gutter_width=&#8221;2&#8243; _builder_version=&#8221;4.24.0&#8243; _module_preset=&#8221;default&#8221; custom_margin=&#8221;||0px||false|false&#8221; custom_padding=&#8221;||0px||false|false&#8221; global_colors_info=&#8221;{}&#8221;][et_pb_column type=&#8221;3_5&#8243; _builder_version=&#8221;4.24.0&#8243; _module_preset=&#8221;default&#8221; custom_padding=&#8221;||||false|false&#8221; global_colors_info=&#8221;{}&#8221;][et_pb_text _builder_version=&#8221;4.25.1&#8243; _module_preset=&#8221;default&#8221; text_orientation=&#8221;justified&#8221; global_colors_info=&#8221;{}&#8221;]<\/p>\n<p>We have considerable experience in media law and regulatory issues arising in connection with the operation of media service providers, in particular, television companies and publishers. We offer our services to those stakeholders published on audiovisual, on-demand and online broadcasting platforms, as well as print and online press products.<\/p>\n<p>Accordingly, we provide practical expertise in specialized issues such as the regulatory and subsidy relations of broadcasting companies, as well as issues related to content production and the lawful use of media contents. We support our clients effectively in pursuing their legitimate claims in relation to infringing media content, for example in privacy and press correction cases or infringements committed on social media platforms.<\/p>\n<p>[\/et_pb_text][\/et_pb_column][et_pb_column type=&#8221;1_5&#8243; _builder_version=&#8221;4.23.1&#8243; _module_preset=&#8221;default&#8221; global_colors_info=&#8221;{}&#8221;][et_pb_text disabled_on=&#8221;off|off|on&#8221; _builder_version=&#8221;4.25.1&#8243; _module_preset=&#8221;default&#8221; text_text_color=&#8221;#ae0c21&#8243; text_font_size=&#8221;24px&#8221; text_line_height=&#8221;1.3em&#8221; text_orientation=&#8221;right&#8221; custom_margin=&#8221;-7vh||10px||false|false&#8221; custom_margin_tablet=&#8221;0vh||||false|false&#8221; custom_margin_phone=&#8221;&#8221; custom_margin_last_edited=&#8221;on|desktop&#8221; text_orientation_tablet=&#8221;left&#8221; text_orientation_phone=&#8221;left&#8221; text_orientation_last_edited=&#8221;on|desktop&#8221; global_colors_info=&#8221;{}&#8221;]<\/p>\n<p><strong>Contact person<\/strong><\/p>\n<p>[\/et_pb_text][et_pb_image src=&#8221;https:\/\/jaczkovics.hu\/wp-content\/uploads\/2024\/03\/Jaczkovics-Gabor.jpg&#8221; alt=&#8221;dr. Jaczkovics L\u00e1szl\u00f3 G\u00e1bor&#8221; title_text=&#8221;dr. Jaczkovics L\u00e1szl\u00f3 G\u00e1bor&#8221; url=&#8221;https:\/\/jaczkovics.hu\/en\/dr-jaczkovics-laszlo-gabor\/&#8221; url_new_window=&#8221;on&#8221; _builder_version=&#8221;4.27.0&#8243; _module_preset=&#8221;default&#8221; max_width=&#8221;70%&#8221; module_alignment=&#8221;right&#8221; custom_margin=&#8221;||10px||false|false&#8221; animation_style=&#8221;fade&#8221; module_alignment_tablet=&#8221;left&#8221; module_alignment_phone=&#8221;left&#8221; module_alignment_last_edited=&#8221;on|tablet&#8221; box_shadow_style=&#8221;preset2&#8243; global_colors_info=&#8221;{}&#8221;][\/et_pb_image][et_pb_text module_id=&#8221;jaczkovics_laszlo_gabor&#8221; _builder_version=&#8221;4.27.0&#8243; _module_preset=&#8221;default&#8221; text_text_color=&#8221;#ae0c21&#8243; text_font_size=&#8221;17px&#8221; text_line_height=&#8221;1.3em&#8221; text_orientation=&#8221;right&#8221; width=&#8221;130%&#8221; max_width=&#8221;110%&#8221; module_alignment=&#8221;left&#8221; custom_margin=&#8221;||0px||false|false&#8221; text_orientation_tablet=&#8221;left&#8221; text_orientation_phone=&#8221;left&#8221; text_orientation_last_edited=&#8221;on|tablet&#8221; global_colors_info=&#8221;{}&#8221;]<\/p>\n<p><strong>dr. JACZKOVICS <br \/>L\u00e1szl\u00f3 G\u00e1bor<\/strong><\/p>\n<p>[\/et_pb_text][et_pb_text _builder_version=&#8221;4.25.1&#8243; _module_preset=&#8221;default&#8221; text_text_color=&#8221;#000000&#8243; text_line_height=&#8221;1.3em&#8221; text_orientation=&#8221;right&#8221; custom_margin=&#8221;||5px||false|false&#8221; text_orientation_tablet=&#8221;left&#8221; text_orientation_phone=&#8221;left&#8221; text_orientation_last_edited=&#8221;on|tablet&#8221; global_colors_info=&#8221;{}&#8221;]<\/p>\n<p>managing attorney<\/p>\n<p>[\/et_pb_text][et_pb_text _builder_version=&#8221;4.24.0&#8243; _module_preset=&#8221;default&#8221; text_text_color=&#8221;#d20a11&#8243; text_font_size=&#8221;13px&#8221; text_line_height=&#8221;1.3em&#8221; link_text_color=&#8221;#ae0c21&#8243; text_orientation=&#8221;right&#8221; custom_margin=&#8221;||20px||false|false&#8221; text_orientation_tablet=&#8221;left&#8221; text_orientation_phone=&#8221;left&#8221; text_orientation_last_edited=&#8221;on|desktop&#8221; global_colors_info=&#8221;{}&#8221;]<span style=\"text-decoration: underline;\"><a class=\"reverse_text\" href=\"mailto:jaczkovics%40jaczkovics.hu\">uh.scivokzcaj@scivokzcaj<\/a><\/span>[\/et_pb_text][\/et_pb_column][et_pb_column type=&#8221;1_5&#8243; _builder_version=&#8221;4.23.1&#8243; _module_preset=&#8221;default&#8221; global_colors_info=&#8221;{}&#8221;][et_pb_image src=&#8221;https:\/\/jaczkovics.hu\/wp-content\/uploads\/2024\/12\/Tomordi-Boglarka-ugyved.jpg&#8221; alt=&#8221;dr. T\u00f6m\u00f6rdi Bogl\u00e1rka&#8221; title_text=&#8221;dr. T\u00f6m\u00f6rdi Bogl\u00e1rka&#8221; url=&#8221;https:\/\/jaczkovics.hu\/en\/dr-tomordi-boglarka\/&#8221; url_new_window=&#8221;on&#8221; _builder_version=&#8221;4.27.3&#8243; _module_preset=&#8221;default&#8221; max_width=&#8221;70%&#8221; module_alignment=&#8221;right&#8221; custom_margin=&#8221;||10px||false|false&#8221; animation_style=&#8221;fade&#8221; hover_enabled=&#8221;0&#8243; module_alignment_tablet=&#8221;left&#8221; module_alignment_phone=&#8221;left&#8221; module_alignment_last_edited=&#8221;on|tablet&#8221; box_shadow_style=&#8221;preset2&#8243; global_colors_info=&#8221;{}&#8221; sticky_enabled=&#8221;0&#8243;][\/et_pb_image][et_pb_text _builder_version=&#8221;4.27.3&#8243; _module_preset=&#8221;default&#8221; text_text_color=&#8221;#ae0c21&#8243; text_font_size=&#8221;17px&#8221; text_line_height=&#8221;1.3em&#8221; text_orientation=&#8221;right&#8221; custom_margin=&#8221;||0px||false|false&#8221; text_orientation_tablet=&#8221;left&#8221; text_orientation_phone=&#8221;left&#8221; text_orientation_last_edited=&#8221;on|tablet&#8221; global_colors_info=&#8221;{}&#8221;]<\/p>\n<p><strong>dr. T\u00d6M\u00d6RDI Bogl\u00e1rka<\/strong><\/p>\n<p>[\/et_pb_text][et_pb_text _builder_version=&#8221;4.25.1&#8243; _module_preset=&#8221;default&#8221; text_text_color=&#8221;#000000&#8243; text_line_height=&#8221;1.3em&#8221; text_orientation=&#8221;right&#8221; custom_margin=&#8221;||5px||false|false&#8221; text_orientation_tablet=&#8221;left&#8221; text_orientation_phone=&#8221;left&#8221; text_orientation_last_edited=&#8221;on|tablet&#8221; global_colors_info=&#8221;{}&#8221;]<\/p>\n<p>attorney-at-law<\/p>\n<p>[\/et_pb_text][et_pb_text _builder_version=&#8221;4.27.3&#8243; _module_preset=&#8221;default&#8221; text_text_color=&#8221;#d20a11&#8243; text_font_size=&#8221;13px&#8221; text_line_height=&#8221;1.3em&#8221; link_text_color=&#8221;#ae0c21&#8243; text_orientation=&#8221;right&#8221; custom_margin=&#8221;||20px||false|false&#8221; text_orientation_tablet=&#8221;left&#8221; text_orientation_phone=&#8221;left&#8221; text_orientation_last_edited=&#8221;on|desktop&#8221; locked=&#8221;off&#8221; global_colors_info=&#8221;{}&#8221;]<\/p>\n<p><span style=\"text-decoration: underline;\"><a class=\"reverse_text\" href=\"mailto:tomordi.boglarka%40jaczkovics.hu\">uh.scivokzcaj@akralgob.idromot<\/a><\/span><\/p>\n<p>[\/et_pb_text][\/et_pb_column][\/et_pb_row][et_pb_row column_structure=&#8221;1_3,2_3&#8243; module_class=&#8221;reverse-columns-mobile&#8221; _builder_version=&#8221;4.24.0&#8243; _module_preset=&#8221;default&#8221; global_colors_info=&#8221;{}&#8221;][et_pb_column type=&#8221;1_3&#8243; _builder_version=&#8221;4.23.1&#8243; _module_preset=&#8221;default&#8221; global_colors_info=&#8221;{}&#8221;][et_pb_image src=&#8221;https:\/\/jaczkovics.hu\/wp-content\/uploads\/2024\/03\/sajto-es-media.jpg&#8221; alt=&#8221;Sajt\u00f3- \u00e9s m\u00e9diajog&#8221; title_text=&#8221;Sajt\u00f3- \u00e9s m\u00e9diajog&#8221; _builder_version=&#8221;4.24.0&#8243; _module_preset=&#8221;default&#8221; animation_style=&#8221;fade&#8221; global_colors_info=&#8221;{}&#8221;][\/et_pb_image][\/et_pb_column][et_pb_column type=&#8221;2_3&#8243; _builder_version=&#8221;4.23.1&#8243; _module_preset=&#8221;default&#8221; global_colors_info=&#8221;{}&#8221;][et_pb_toggle title=&#8221;Regulation of media services&#8221; open_toggle_text_color=&#8221;#d20a11&#8243; closed_toggle_background_color=&#8221;#FFFFFF&#8221; icon_color=&#8221;#d20a11&#8243; toggle_icon=&#8221;&#x3f;||divi||400&#8243; open_icon_color=&#8221;#d20a11&#8243; _builder_version=&#8221;4.25.1&#8243; _module_preset=&#8221;default&#8221; title_text_color=&#8221;#000000&#8243; title_font_size=&#8221;24px&#8221; text_orientation=&#8221;justified&#8221; animation_style=&#8221;slide&#8221; animation_direction=&#8221;bottom&#8221; border_width_all=&#8221;2px&#8221; border_color_all=&#8221;#ae0c21&#8243; box_shadow_style=&#8221;preset2&#8243; global_colors_info=&#8221;{}&#8221;]<\/p>\n<p>We provide legal advice on official notifications and authorization procedures of media service providers and publishers. Our services also include the examination of their funding and subsidy relations, with particular regard to the rules on budget support and the requirements concerning prohibited state aid. We also offer practical expertise in copyrights, distribution and other civil law issues relevant to media service providers and publishers, like drafting production contracts, license agreements and publishing contracts in line with current legal practice, as well as software law issues.<\/p>\n<p>[\/et_pb_toggle][et_pb_toggle title=&#8221;Specific legal issues for broadcasters&#8221; open_toggle_text_color=&#8221;#d20a11&#8243; closed_toggle_background_color=&#8221;#FFFFFF&#8221; icon_color=&#8221;#d20a11&#8243; toggle_icon=&#8221;&#x3f;||divi||400&#8243; open_icon_color=&#8221;#d20a11&#8243; _builder_version=&#8221;4.25.1&#8243; _module_preset=&#8221;default&#8221; title_text_color=&#8221;#000000&#8243; title_font_size=&#8221;24px&#8221; text_orientation=&#8221;justified&#8221; animation_style=&#8221;slide&#8221; animation_direction=&#8221;bottom&#8221; border_width_all=&#8221;2px&#8221; border_color_all=&#8221;#ae0c21&#8243; box_shadow_style=&#8221;preset2&#8243; global_colors_info=&#8221;{}&#8221;]<\/p>\n<p>We have up-to-date knowledge of specific media law requirements regarding both communal and commercial media services, such as editorial responsibility, \u2018must-carry\u2019 obligation for local and regional media services, product placement and display of advertising, program quota obligations, or the airtime and age rating of certain programs.<\/p>\n<p>We provide legal advice on broadcasting agreements and obligations arising in connection with collective rights management organizations, like notifications and royalty payment.<\/p>\n<p>[\/et_pb_toggle][et_pb_toggle title=&#8221;Infringements&#8221; open_toggle_text_color=&#8221;#d20a11&#8243; closed_toggle_background_color=&#8221;#FFFFFF&#8221; icon_color=&#8221;#d20a11&#8243; toggle_icon=&#8221;&#x3f;||divi||400&#8243; open_icon_color=&#8221;#d20a11&#8243; _builder_version=&#8221;4.25.1&#8243; _module_preset=&#8221;default&#8221; title_text_color=&#8221;#000000&#8243; title_font_size=&#8221;24px&#8221; text_orientation=&#8221;justified&#8221; animation_style=&#8221;slide&#8221; animation_direction=&#8221;bottom&#8221; border_width_all=&#8221;2px&#8221; border_color_all=&#8221;#ae0c21&#8243; box_shadow_style=&#8221;preset2&#8243; global_colors_info=&#8221;{}&#8221;]<\/p>\n<p>We place particular emphasis on the legal classification of media infringements and the regarding legal actions. In particular, we provide legal advice on the protection of privacy and press correction issues, and we provide legal representation in related litigation and non-litigation proceedings for both natural and legal persons whether or not they are the infringing or the injured party. We place great emphasis on the judical practice regarding public figures.<\/p>\n<p>Among media infringements, we provide effective legal protection in the recently increasing cases of infringement of privacy rights on social media and through the malicious application of artificial intelligence, such as fake news or the misuse of images and voice.<\/p>\n<p>[\/et_pb_toggle][\/et_pb_column][\/et_pb_row][\/et_pb_section]<\/p>\n","protected":false},"excerpt":{"rendered":"<p>Press and mediaContact personWe have considerable experience in media law and regulatory issues arising in connection with the operation of media service providers, in particular, television companies and publishers. We offer our services to those stakeholders published on audiovisual, on-demand and online broadcasting platforms, as well as print and online press products. Accordingly, we provide [&hellip;]<\/p>\n","protected":false},"author":2,"featured_media":0,"parent":0,"menu_order":0,"comment_status":"closed","ping_status":"closed","template":"","meta":{"_et_pb_use_builder":"on","_et_pb_old_content":"","_et_gb_content_width":"","footnotes":""},"class_list":["post-1268","page","type-page","status-publish","hentry"],"yoast_head":"<!-- This site is optimized with the Yoast SEO Premium plugin v26.2 (Yoast SEO v26.8) - https:\/\/yoast.com\/product\/yoast-seo-premium-wordpress\/ -->\n<title>Press and media - Jaczkovics \u00dcgyv\u00e9di Iroda<\/title>\n<meta name=\"robots\" content=\"index, follow, max-snippet:-1, max-image-preview:large, max-video-preview:-1\" \/>\n<link rel=\"canonical\" href=\"https:\/\/jaczkovics.hu\/en\/press-and-media\/\" \/>\n<meta property=\"og:locale\" content=\"en_US\" \/>\n<meta property=\"og:type\" content=\"article\" \/>\n<meta property=\"og:title\" content=\"Press and media\" \/>\n<meta property=\"og:description\" content=\"Press and mediaContact personWe have considerable experience in media law and regulatory issues arising in connection with the operation of media service providers, in particular, television companies and publishers. We offer our services to those stakeholders published on audiovisual, on-demand and online broadcasting platforms, as well as print and online press products. Accordingly, we provide [&hellip;]\" \/>\n<meta property=\"og:url\" content=\"https:\/\/jaczkovics.hu\/en\/press-and-media\/\" \/>\n<meta property=\"og:site_name\" content=\"Jaczkovics \u00dcgyv\u00e9di Iroda\" \/>\n<meta property=\"article:modified_time\" content=\"2024-12-05T12:59:52+00:00\" \/>\n<meta property=\"og:image\" content=\"https:\/\/jaczkovics.hu\/wp-content\/uploads\/2024\/03\/Jaczkovics-Ugyvedi-Iroda-og.jpg\" \/>\n\t<meta property=\"og:image:width\" content=\"1125\" \/>\n\t<meta property=\"og:image:height\" content=\"633\" \/>\n\t<meta property=\"og:image:type\" content=\"image\/jpeg\" \/>\n<meta name=\"twitter:card\" content=\"summary_large_image\" \/>\n<meta name=\"twitter:label1\" content=\"Est. reading time\" \/>\n\t<meta name=\"twitter:data1\" content=\"3 minutes\" \/>\n<script type=\"application\/ld+json\" class=\"yoast-schema-graph\">{\"@context\":\"https:\/\/schema.org\",\"@graph\":[{\"@type\":\"WebPage\",\"@id\":\"https:\/\/jaczkovics.hu\/en\/press-and-media\/\",\"url\":\"https:\/\/jaczkovics.hu\/en\/press-and-media\/\",\"name\":\"Press and media - Jaczkovics \u00dcgyv\u00e9di Iroda\",\"isPartOf\":{\"@id\":\"https:\/\/jaczkovics.hu\/#website\"},\"datePublished\":\"2024-02-22T14:29:47+00:00\",\"dateModified\":\"2024-12-05T12:59:52+00:00\",\"breadcrumb\":{\"@id\":\"https:\/\/jaczkovics.hu\/en\/press-and-media\/#breadcrumb\"},\"inLanguage\":\"en-US\",\"potentialAction\":[{\"@type\":\"ReadAction\",\"target\":[\"https:\/\/jaczkovics.hu\/en\/press-and-media\/\"]}]},{\"@type\":\"BreadcrumbList\",\"@id\":\"https:\/\/jaczkovics.hu\/en\/press-and-media\/#breadcrumb\",\"itemListElement\":[{\"@type\":\"ListItem\",\"position\":1,\"name\":\"Kezd\u0151lap\",\"item\":\"https:\/\/jaczkovics.hu\/en\/home\/\"},{\"@type\":\"ListItem\",\"position\":2,\"name\":\"Press and media\"}]},{\"@type\":\"WebSite\",\"@id\":\"https:\/\/jaczkovics.hu\/#website\",\"url\":\"https:\/\/jaczkovics.hu\/\",\"name\":\"Jaczkovics \u00dcgyv\u00e9di Iroda\",\"description\":\"\",\"potentialAction\":[{\"@type\":\"SearchAction\",\"target\":{\"@type\":\"EntryPoint\",\"urlTemplate\":\"https:\/\/jaczkovics.hu\/?s={search_term_string}\"},\"query-input\":{\"@type\":\"PropertyValueSpecification\",\"valueRequired\":true,\"valueName\":\"search_term_string\"}}],\"inLanguage\":\"en-US\"}]}<\/script>\n<!-- \/ Yoast SEO Premium plugin. -->","yoast_head_json":{"title":"Press and media - Jaczkovics \u00dcgyv\u00e9di Iroda","robots":{"index":"index","follow":"follow","max-snippet":"max-snippet:-1","max-image-preview":"max-image-preview:large","max-video-preview":"max-video-preview:-1"},"canonical":"https:\/\/jaczkovics.hu\/en\/press-and-media\/","og_locale":"en_US","og_type":"article","og_title":"Press and media","og_description":"Press and mediaContact personWe have considerable experience in media law and regulatory issues arising in connection with the operation of media service providers, in particular, television companies and publishers. We offer our services to those stakeholders published on audiovisual, on-demand and online broadcasting platforms, as well as print and online press products. Accordingly, we provide [&hellip;]","og_url":"https:\/\/jaczkovics.hu\/en\/press-and-media\/","og_site_name":"Jaczkovics \u00dcgyv\u00e9di Iroda","article_modified_time":"2024-12-05T12:59:52+00:00","og_image":[{"width":1125,"height":633,"url":"https:\/\/jaczkovics.hu\/wp-content\/uploads\/2024\/03\/Jaczkovics-Ugyvedi-Iroda-og.jpg","type":"image\/jpeg"}],"twitter_card":"summary_large_image","twitter_misc":{"Est. reading time":"3 minutes"},"schema":{"@context":"https:\/\/schema.org","@graph":[{"@type":"WebPage","@id":"https:\/\/jaczkovics.hu\/en\/press-and-media\/","url":"https:\/\/jaczkovics.hu\/en\/press-and-media\/","name":"Press and media - Jaczkovics \u00dcgyv\u00e9di Iroda","isPartOf":{"@id":"https:\/\/jaczkovics.hu\/#website"},"datePublished":"2024-02-22T14:29:47+00:00","dateModified":"2024-12-05T12:59:52+00:00","breadcrumb":{"@id":"https:\/\/jaczkovics.hu\/en\/press-and-media\/#breadcrumb"},"inLanguage":"en-US","potentialAction":[{"@type":"ReadAction","target":["https:\/\/jaczkovics.hu\/en\/press-and-media\/"]}]},{"@type":"BreadcrumbList","@id":"https:\/\/jaczkovics.hu\/en\/press-and-media\/#breadcrumb","itemListElement":[{"@type":"ListItem","position":1,"name":"Kezd\u0151lap","item":"https:\/\/jaczkovics.hu\/en\/home\/"},{"@type":"ListItem","position":2,"name":"Press and media"}]},{"@type":"WebSite","@id":"https:\/\/jaczkovics.hu\/#website","url":"https:\/\/jaczkovics.hu\/","name":"Jaczkovics \u00dcgyv\u00e9di Iroda","description":"","potentialAction":[{"@type":"SearchAction","target":{"@type":"EntryPoint","urlTemplate":"https:\/\/jaczkovics.hu\/?s={search_term_string}"},"query-input":{"@type":"PropertyValueSpecification","valueRequired":true,"valueName":"search_term_string"}}],"inLanguage":"en-US"}]}},"_links":{"self":[{"href":"https:\/\/jaczkovics.hu\/en\/wp-json\/wp\/v2\/pages\/1268","targetHints":{"allow":["GET"]}}],"collection":[{"href":"https:\/\/jaczkovics.hu\/en\/wp-json\/wp\/v2\/pages"}],"about":[{"href":"https:\/\/jaczkovics.hu\/en\/wp-json\/wp\/v2\/types\/page"}],"author":[{"embeddable":true,"href":"https:\/\/jaczkovics.hu\/en\/wp-json\/wp\/v2\/users\/2"}],"replies":[{"embeddable":true,"href":"https:\/\/jaczkovics.hu\/en\/wp-json\/wp\/v2\/comments?post=1268"}],"version-history":[{"count":6,"href":"https:\/\/jaczkovics.hu\/en\/wp-json\/wp\/v2\/pages\/1268\/revisions"}],"predecessor-version":[{"id":1591,"href":"https:\/\/jaczkovics.hu\/en\/wp-json\/wp\/v2\/pages\/1268\/revisions\/1591"}],"wp:attachment":[{"href":"https:\/\/jaczkovics.hu\/en\/wp-json\/wp\/v2\/media?parent=1268"}],"curies":[{"name":"wp","href":"https:\/\/api.w.org\/{rel}","templated":true}]}}